{"id":11,"date":"2016-01-22T00:00:02","date_gmt":"2016-01-21T23:00:02","guid":{"rendered":"http:\/\/www.hotelburlatis.com\/?page_id=11"},"modified":"2026-01-30T11:37:42","modified_gmt":"2026-01-30T10:37:42","slug":"les-chambres-hotel-gorges-du-tarn","status":"publish","type":"page","link":"https:\/\/www.hotelburlatis.com\/de\/les-chambres-hotel-gorges-du-tarn\/","title":{"rendered":"(Fran\u00e7ais) Les chambres de l'H\u00f4tel Burlatis"},"content":{"rendered":"<p class=\"qtranxs-available-languages-message qtranxs-available-languages-message-de\">Leider ist der Eintrag nur auf <a href=\"https:\/\/www.hotelburlatis.com\/fr\/wp-json\/wp\/v2\/pages\/11\" class=\"qtranxs-available-language-link qtranxs-available-language-link-fr\" title=\"Fran\u00e7ais\">Fran\u00e7ais<\/a> und <a href=\"https:\/\/www.hotelburlatis.com\/en\/wp-json\/wp\/v2\/pages\/11\" class=\"qtranxs-available-language-link qtranxs-available-language-link-en\" title=\"English\">English<\/a> verf\u00fcgbar.<\/p>","protected":false},"excerpt":{"rendered":"<p>Des chambres au c\u0153ur des Gorges du Tarn... Un sol en ch\u00eane massif, des couleurs douces et chaleureuses, une literie r\u00e9cente de qualit\u00e9, dans une b\u00e2tisse en pierre de pays, tous les \u00e9l\u00e9ments sont r\u00e9unis pour un s\u00e9jour alliant confort, charme et authenticit\u00e9 dans la cit\u00e9 m\u00e9di\u00e9vale de Sainte-Enimie. Nous pouvons vous accueillir en chambres [&hellip;]<\/p>\n","protected":false},"author":4,"featured_media":0,"parent":0,"menu_order":2,"comment_status":"closed","ping_status":"closed","template":"","meta":{"footnotes":""},"class_list":["post-11","page","type-page","status-publish","hentry"],"yoast_head":"<!-- This site is optimized with the Yoast SEO plugin v27.3 - https:\/\/yoast.com\/product\/yoast-seo-wordpress\/ -->\n<title>Les chambres | H\u00f4tel Burlatis \u00e0 Sainte-\u00c9nimie<\/title>\n<meta name=\"description\" content=\"Au c\u0153ur des Gorges du Tarn, tous les \u00e9l\u00e9ments sont r\u00e9unis pour un s\u00e9jour alliant confort, charme et authenticit\u00e9 dans la cit\u00e9 m\u00e9di\u00e9vale de Sainte-Enimie\" \/>\n<meta name=\"robots\" content=\"index, follow, max-snippet:-1, max-image-preview:large, max-video-preview:-1\" \/>\n<link rel=\"canonical\" href=\"https:\/\/www.hotelburlatis.com\/les-chambres-hotel-gorges-du-tarn\/\" \/>\n<meta property=\"og:locale\" content=\"de_DE\" \/>\n<meta property=\"og:type\" content=\"article\" \/>\n<meta property=\"og:title\" content=\"Les chambres | H\u00f4tel Burlatis \u00e0 Sainte-\u00c9nimie\" \/>\n<meta property=\"og:description\" content=\"Au c\u0153ur des Gorges du Tarn, tous les \u00e9l\u00e9ments sont r\u00e9unis pour un s\u00e9jour alliant confort, charme et authenticit\u00e9 dans la cit\u00e9 m\u00e9di\u00e9vale de Sainte-Enimie\" \/>\n<meta property=\"og:url\" content=\"https:\/\/www.hotelburlatis.com\/les-chambres-hotel-gorges-du-tarn\/\" \/>\n<meta property=\"og:site_name\" content=\"H\u00f4tel Burlatis \u00e0 Sainte-\u00c9nimie\" \/>\n<meta property=\"article:modified_time\" content=\"2026-01-30T10:37:42+00:00\" \/>\n<meta property=\"og:image\" content=\"https:\/\/www.hotelburlatis.com\/wp-content\/uploads\/2016\/01\/hotel-burlatis-10.jpg\" \/>\n\t<meta property=\"og:image:width\" content=\"1620\" \/>\n\t<meta property=\"og:image:height\" content=\"1080\" \/>\n\t<meta property=\"og:image:type\" content=\"image\/jpeg\" \/>\n<meta name=\"twitter:card\" content=\"summary_large_image\" \/>\n<meta name=\"twitter:label1\" content=\"Gesch\u00e4tzte Lesezeit\" \/>\n\t<meta name=\"twitter:data1\" content=\"4\u00a0Minuten\" \/>\n<script type=\"application\/ld+json\" class=\"yoast-schema-graph\">{\"@context\":\"https:\\\/\\\/schema.org\",\"@graph\":[{\"@type\":\"WebPage\",\"@id\":\"https:\\\/\\\/www.hotelburlatis.com\\\/les-chambres-hotel-gorges-du-tarn\\\/\",\"url\":\"https:\\\/\\\/www.hotelburlatis.com\\\/les-chambres-hotel-gorges-du-tarn\\\/\",\"name\":\"Les chambres | H\u00f4tel Burlatis \u00e0 Sainte-\u00c9nimie\",\"isPartOf\":{\"@id\":\"https:\\\/\\\/www.hotelburlatis.com\\\/#website\"},\"primaryImageOfPage\":{\"@id\":\"https:\\\/\\\/www.hotelburlatis.com\\\/les-chambres-hotel-gorges-du-tarn\\\/#primaryimage\"},\"image\":{\"@id\":\"https:\\\/\\\/www.hotelburlatis.com\\\/les-chambres-hotel-gorges-du-tarn\\\/#primaryimage\"},\"thumbnailUrl\":\"https:\\\/\\\/www.hotelburlatis.com\\\/wp-content\\\/uploads\\\/2016\\\/01\\\/hotel-burlatis-10-800x533.jpg\",\"datePublished\":\"2016-01-21T23:00:02+00:00\",\"dateModified\":\"2026-01-30T10:37:42+00:00\",\"description\":\"Au c\u0153ur des Gorges du Tarn, tous les \u00e9l\u00e9ments sont r\u00e9unis pour un s\u00e9jour alliant confort, charme et authenticit\u00e9 dans la cit\u00e9 m\u00e9di\u00e9vale de Sainte-Enimie\",\"breadcrumb\":{\"@id\":\"https:\\\/\\\/www.hotelburlatis.com\\\/les-chambres-hotel-gorges-du-tarn\\\/#breadcrumb\"},\"inLanguage\":\"de\",\"potentialAction\":[{\"@type\":\"ReadAction\",\"target\":[\"https:\\\/\\\/www.hotelburlatis.com\\\/les-chambres-hotel-gorges-du-tarn\\\/\"]}]},{\"@type\":\"ImageObject\",\"inLanguage\":\"de\",\"@id\":\"https:\\\/\\\/www.hotelburlatis.com\\\/les-chambres-hotel-gorges-du-tarn\\\/#primaryimage\",\"url\":\"https:\\\/\\\/www.hotelburlatis.com\\\/wp-content\\\/uploads\\\/2016\\\/01\\\/hotel-burlatis-10-800x533.jpg\",\"contentUrl\":\"https:\\\/\\\/www.hotelburlatis.com\\\/wp-content\\\/uploads\\\/2016\\\/01\\\/hotel-burlatis-10-800x533.jpg\"},{\"@type\":\"BreadcrumbList\",\"@id\":\"https:\\\/\\\/www.hotelburlatis.com\\\/les-chambres-hotel-gorges-du-tarn\\\/#breadcrumb\",\"itemListElement\":[{\"@type\":\"ListItem\",\"position\":1,\"name\":\"Accueil\",\"item\":\"https:\\\/\\\/www.hotelburlatis.com\\\/\"},{\"@type\":\"ListItem\",\"position\":2,\"name\":\"[:fr]Les chambres de l'H\u00f4tel Burlatis[:en]Hotel Burlatis guestrooms[:]\"}]},{\"@type\":\"WebSite\",\"@id\":\"https:\\\/\\\/www.hotelburlatis.com\\\/#website\",\"url\":\"https:\\\/\\\/www.hotelburlatis.com\\\/\",\"name\":\"H\u00f4tel Burlatis \u00e0 Sainte-\u00c9nimie\",\"description\":\"Loz\u00e8re\",\"publisher\":{\"@id\":\"https:\\\/\\\/www.hotelburlatis.com\\\/#organization\"},\"potentialAction\":[{\"@type\":\"SearchAction\",\"target\":{\"@type\":\"EntryPoint\",\"urlTemplate\":\"https:\\\/\\\/www.hotelburlatis.com\\\/?s={search_term_string}\"},\"query-input\":{\"@type\":\"PropertyValueSpecification\",\"valueRequired\":true,\"valueName\":\"search_term_string\"}}],\"inLanguage\":\"de\"},{\"@type\":\"Organization\",\"@id\":\"https:\\\/\\\/www.hotelburlatis.com\\\/#organization\",\"name\":\"H\u00f4tel Burlatis\",\"url\":\"https:\\\/\\\/www.hotelburlatis.com\\\/\",\"logo\":{\"@type\":\"ImageObject\",\"inLanguage\":\"de\",\"@id\":\"https:\\\/\\\/www.hotelburlatis.com\\\/#\\\/schema\\\/logo\\\/image\\\/\",\"url\":\"https:\\\/\\\/www.hotelburlatis.com\\\/wp-content\\\/uploads\\\/2016\\\/01\\\/logo.png\",\"contentUrl\":\"https:\\\/\\\/www.hotelburlatis.com\\\/wp-content\\\/uploads\\\/2016\\\/01\\\/logo.png\",\"width\":186,\"height\":148,\"caption\":\"H\u00f4tel Burlatis\"},\"image\":{\"@id\":\"https:\\\/\\\/www.hotelburlatis.com\\\/#\\\/schema\\\/logo\\\/image\\\/\"}}]}<\/script>\n<!-- \/ Yoast SEO plugin. -->","yoast_head_json":{"title":"Les chambres | H\u00f4tel Burlatis \u00e0 Sainte-\u00c9nimie","description":"Au c\u0153ur des Gorges du Tarn, tous les \u00e9l\u00e9ments sont r\u00e9unis pour un s\u00e9jour alliant confort, charme et authenticit\u00e9 dans la cit\u00e9 m\u00e9di\u00e9vale de Sainte-Enimie","robots":{"index":"index","follow":"follow","max-snippet":"max-snippet:-1","max-image-preview":"max-image-preview:large","max-video-preview":"max-video-preview:-1"},"canonical":"https:\/\/www.hotelburlatis.com\/les-chambres-hotel-gorges-du-tarn\/","og_locale":"de_DE","og_type":"article","og_title":"Les chambres | H\u00f4tel Burlatis \u00e0 Sainte-\u00c9nimie","og_description":"Au c\u0153ur des Gorges du Tarn, tous les \u00e9l\u00e9ments sont r\u00e9unis pour un s\u00e9jour alliant confort, charme et authenticit\u00e9 dans la cit\u00e9 m\u00e9di\u00e9vale de Sainte-Enimie","og_url":"https:\/\/www.hotelburlatis.com\/les-chambres-hotel-gorges-du-tarn\/","og_site_name":"H\u00f4tel Burlatis \u00e0 Sainte-\u00c9nimie","article_modified_time":"2026-01-30T10:37:42+00:00","og_image":[{"width":1620,"height":1080,"url":"https:\/\/www.hotelburlatis.com\/wp-content\/uploads\/2016\/01\/hotel-burlatis-10.jpg","type":"image\/jpeg"}],"twitter_card":"summary_large_image","twitter_misc":{"Gesch\u00e4tzte Lesezeit":"4\u00a0Minuten"},"schema":{"@context":"https:\/\/schema.org","@graph":[{"@type":"WebPage","@id":"https:\/\/www.hotelburlatis.com\/les-chambres-hotel-gorges-du-tarn\/","url":"https:\/\/www.hotelburlatis.com\/les-chambres-hotel-gorges-du-tarn\/","name":"Les chambres | H\u00f4tel Burlatis \u00e0 Sainte-\u00c9nimie","isPartOf":{"@id":"https:\/\/www.hotelburlatis.com\/#website"},"primaryImageOfPage":{"@id":"https:\/\/www.hotelburlatis.com\/les-chambres-hotel-gorges-du-tarn\/#primaryimage"},"image":{"@id":"https:\/\/www.hotelburlatis.com\/les-chambres-hotel-gorges-du-tarn\/#primaryimage"},"thumbnailUrl":"https:\/\/www.hotelburlatis.com\/wp-content\/uploads\/2016\/01\/hotel-burlatis-10-800x533.jpg","datePublished":"2016-01-21T23:00:02+00:00","dateModified":"2026-01-30T10:37:42+00:00","description":"Au c\u0153ur des Gorges du Tarn, tous les \u00e9l\u00e9ments sont r\u00e9unis pour un s\u00e9jour alliant confort, charme et authenticit\u00e9 dans la cit\u00e9 m\u00e9di\u00e9vale de Sainte-Enimie","breadcrumb":{"@id":"https:\/\/www.hotelburlatis.com\/les-chambres-hotel-gorges-du-tarn\/#breadcrumb"},"inLanguage":"de","potentialAction":[{"@type":"ReadAction","target":["https:\/\/www.hotelburlatis.com\/les-chambres-hotel-gorges-du-tarn\/"]}]},{"@type":"ImageObject","inLanguage":"de","@id":"https:\/\/www.hotelburlatis.com\/les-chambres-hotel-gorges-du-tarn\/#primaryimage","url":"https:\/\/www.hotelburlatis.com\/wp-content\/uploads\/2016\/01\/hotel-burlatis-10-800x533.jpg","contentUrl":"https:\/\/www.hotelburlatis.com\/wp-content\/uploads\/2016\/01\/hotel-burlatis-10-800x533.jpg"},{"@type":"BreadcrumbList","@id":"https:\/\/www.hotelburlatis.com\/les-chambres-hotel-gorges-du-tarn\/#breadcrumb","itemListElement":[{"@type":"ListItem","position":1,"name":"Accueil","item":"https:\/\/www.hotelburlatis.com\/"},{"@type":"ListItem","position":2,"name":"[:fr]Les chambres de l'H\u00f4tel Burlatis[:en]Hotel Burlatis guestrooms[:]"}]},{"@type":"WebSite","@id":"https:\/\/www.hotelburlatis.com\/#website","url":"https:\/\/www.hotelburlatis.com\/","name":"H\u00f4tel Burlatis \u00e0 Sainte-\u00c9nimie","description":"Loz\u00e8re","publisher":{"@id":"https:\/\/www.hotelburlatis.com\/#organization"},"potentialAction":[{"@type":"SearchAction","target":{"@type":"EntryPoint","urlTemplate":"https:\/\/www.hotelburlatis.com\/?s={search_term_string}"},"query-input":{"@type":"PropertyValueSpecification","valueRequired":true,"valueName":"search_term_string"}}],"inLanguage":"de"},{"@type":"Organization","@id":"https:\/\/www.hotelburlatis.com\/#organization","name":"H\u00f4tel Burlatis","url":"https:\/\/www.hotelburlatis.com\/","logo":{"@type":"ImageObject","inLanguage":"de","@id":"https:\/\/www.hotelburlatis.com\/#\/schema\/logo\/image\/","url":"https:\/\/www.hotelburlatis.com\/wp-content\/uploads\/2016\/01\/logo.png","contentUrl":"https:\/\/www.hotelburlatis.com\/wp-content\/uploads\/2016\/01\/logo.png","width":186,"height":148,"caption":"H\u00f4tel Burlatis"},"image":{"@id":"https:\/\/www.hotelburlatis.com\/#\/schema\/logo\/image\/"}}]}},"_links":{"self":[{"href":"https:\/\/www.hotelburlatis.com\/de\/wp-json\/wp\/v2\/pages\/11","targetHints":{"allow":["GET"]}}],"collection":[{"href":"https:\/\/www.hotelburlatis.com\/de\/wp-json\/wp\/v2\/pages"}],"about":[{"href":"https:\/\/www.hotelburlatis.com\/de\/wp-json\/wp\/v2\/types\/page"}],"author":[{"embeddable":true,"href":"https:\/\/www.hotelburlatis.com\/de\/wp-json\/wp\/v2\/users\/4"}],"replies":[{"embeddable":true,"href":"https:\/\/www.hotelburlatis.com\/de\/wp-json\/wp\/v2\/comments?post=11"}],"version-history":[{"count":4,"href":"https:\/\/www.hotelburlatis.com\/de\/wp-json\/wp\/v2\/pages\/11\/revisions"}],"predecessor-version":[{"id":391,"href":"https:\/\/www.hotelburlatis.com\/de\/wp-json\/wp\/v2\/pages\/11\/revisions\/391"}],"wp:attachment":[{"href":"https:\/\/www.hotelburlatis.com\/de\/wp-json\/wp\/v2\/media?parent=11"}],"curies":[{"name":"wp","href":"https:\/\/api.w.org\/{rel}","templated":true}]}}