{"id":13,"date":"2016-01-22T00:00:36","date_gmt":"2016-01-21T23:00:36","guid":{"rendered":"http:\/\/www.hotelburlatis.com\/?page_id=13"},"modified":"2024-03-26T08:46:29","modified_gmt":"2024-03-26T07:46:29","slug":"les-petits-delices","status":"publish","type":"page","link":"https:\/\/www.hotelburlatis.com\/de\/les-petits-delices\/","title":{"rendered":"(Fran\u00e7ais) Les petits d\u00e9lices"},"content":{"rendered":"<p class=\"qtranxs-available-languages-message qtranxs-available-languages-message-de\">Leider ist der Eintrag nur auf <a href=\"https:\/\/www.hotelburlatis.com\/fr\/wp-json\/wp\/v2\/pages\/13\" class=\"qtranxs-available-language-link qtranxs-available-language-link-fr\" title=\"Fran\u00e7ais\">Fran\u00e7ais<\/a> und <a href=\"https:\/\/www.hotelburlatis.com\/en\/wp-json\/wp\/v2\/pages\/13\" class=\"qtranxs-available-language-link qtranxs-available-language-link-en\" title=\"English\">English<\/a> verf\u00fcgbar.<\/p>","protected":false},"excerpt":{"rendered":"<p>Leider ist der Eintrag nur auf Fran\u00e7ais und English verf\u00fcgbar.<\/p>\n","protected":false},"author":4,"featured_media":0,"parent":0,"menu_order":3,"comment_status":"closed","ping_status":"closed","template":"","meta":{"footnotes":""},"class_list":["post-13","page","type-page","status-publish","hentry"],"yoast_head":"<!-- This site is optimized with the Yoast SEO plugin v27.3 - https:\/\/yoast.com\/product\/yoast-seo-wordpress\/ -->\n<title>(Fran\u00e7ais) Les petits d\u00e9lices | H\u00f4tel Burlatis \u00e0 Sainte-\u00c9nimie<\/title>\n<meta name=\"description\" content=\"A toute heure, succombez \u00e0 la gourmandise ! Possibilit\u00e9 de panier pique-nique D\u00e9gustation de vin et bien plus.\" \/>\n<meta name=\"robots\" content=\"index, follow, max-snippet:-1, max-image-preview:large, max-video-preview:-1\" \/>\n<link rel=\"canonical\" href=\"https:\/\/www.hotelburlatis.com\/les-petits-delices\/\" \/>\n<meta property=\"og:locale\" content=\"de_DE\" \/>\n<meta property=\"og:type\" content=\"article\" \/>\n<meta property=\"og:title\" content=\"(Fran\u00e7ais) Les petits d\u00e9lices | H\u00f4tel Burlatis \u00e0 Sainte-\u00c9nimie\" \/>\n<meta property=\"og:description\" content=\"A toute heure, succombez \u00e0 la gourmandise ! Possibilit\u00e9 de panier pique-nique D\u00e9gustation de vin et bien plus.\" \/>\n<meta property=\"og:url\" content=\"https:\/\/www.hotelburlatis.com\/les-petits-delices\/\" \/>\n<meta property=\"og:site_name\" content=\"H\u00f4tel Burlatis \u00e0 Sainte-\u00c9nimie\" \/>\n<meta property=\"article:modified_time\" content=\"2024-03-26T07:46:29+00:00\" \/>\n<meta name=\"twitter:card\" content=\"summary_large_image\" \/>\n<meta name=\"twitter:label1\" content=\"Gesch\u00e4tzte Lesezeit\" \/>\n\t<meta name=\"twitter:data1\" content=\"1\u00a0Minute\" \/>\n<script type=\"application\/ld+json\" class=\"yoast-schema-graph\">{\"@context\":\"https:\\\/\\\/schema.org\",\"@graph\":[{\"@type\":\"WebPage\",\"@id\":\"https:\\\/\\\/www.hotelburlatis.com\\\/les-petits-delices\\\/\",\"url\":\"https:\\\/\\\/www.hotelburlatis.com\\\/les-petits-delices\\\/\",\"name\":\"(Fran\u00e7ais) Les petits d\u00e9lices | H\u00f4tel Burlatis \u00e0 Sainte-\u00c9nimie\",\"isPartOf\":{\"@id\":\"https:\\\/\\\/www.hotelburlatis.com\\\/#website\"},\"datePublished\":\"2016-01-21T23:00:36+00:00\",\"dateModified\":\"2024-03-26T07:46:29+00:00\",\"description\":\"A toute heure, succombez \u00e0 la gourmandise ! Possibilit\u00e9 de panier pique-nique D\u00e9gustation de vin et bien plus.\",\"breadcrumb\":{\"@id\":\"https:\\\/\\\/www.hotelburlatis.com\\\/les-petits-delices\\\/#breadcrumb\"},\"inLanguage\":\"de\",\"potentialAction\":[{\"@type\":\"ReadAction\",\"target\":[\"https:\\\/\\\/www.hotelburlatis.com\\\/les-petits-delices\\\/\"]}]},{\"@type\":\"BreadcrumbList\",\"@id\":\"https:\\\/\\\/www.hotelburlatis.com\\\/les-petits-delices\\\/#breadcrumb\",\"itemListElement\":[{\"@type\":\"ListItem\",\"position\":1,\"name\":\"Accueil\",\"item\":\"https:\\\/\\\/www.hotelburlatis.com\\\/\"},{\"@type\":\"ListItem\",\"position\":2,\"name\":\"Les petits d\u00e9lices\"}]},{\"@type\":\"WebSite\",\"@id\":\"https:\\\/\\\/www.hotelburlatis.com\\\/#website\",\"url\":\"https:\\\/\\\/www.hotelburlatis.com\\\/\",\"name\":\"H\u00f4tel Burlatis \u00e0 Sainte-\u00c9nimie\",\"description\":\"Loz\u00e8re\",\"publisher\":{\"@id\":\"https:\\\/\\\/www.hotelburlatis.com\\\/#organization\"},\"potentialAction\":[{\"@type\":\"SearchAction\",\"target\":{\"@type\":\"EntryPoint\",\"urlTemplate\":\"https:\\\/\\\/www.hotelburlatis.com\\\/?s={search_term_string}\"},\"query-input\":{\"@type\":\"PropertyValueSpecification\",\"valueRequired\":true,\"valueName\":\"search_term_string\"}}],\"inLanguage\":\"de\"},{\"@type\":\"Organization\",\"@id\":\"https:\\\/\\\/www.hotelburlatis.com\\\/#organization\",\"name\":\"H\u00f4tel Burlatis\",\"url\":\"https:\\\/\\\/www.hotelburlatis.com\\\/\",\"logo\":{\"@type\":\"ImageObject\",\"inLanguage\":\"de\",\"@id\":\"https:\\\/\\\/www.hotelburlatis.com\\\/#\\\/schema\\\/logo\\\/image\\\/\",\"url\":\"https:\\\/\\\/www.hotelburlatis.com\\\/wp-content\\\/uploads\\\/2016\\\/01\\\/logo.png\",\"contentUrl\":\"https:\\\/\\\/www.hotelburlatis.com\\\/wp-content\\\/uploads\\\/2016\\\/01\\\/logo.png\",\"width\":186,\"height\":148,\"caption\":\"H\u00f4tel Burlatis\"},\"image\":{\"@id\":\"https:\\\/\\\/www.hotelburlatis.com\\\/#\\\/schema\\\/logo\\\/image\\\/\"}}]}<\/script>\n<!-- \/ Yoast SEO plugin. -->","yoast_head_json":{"title":"(Fran\u00e7ais) Les petits d\u00e9lices | H\u00f4tel Burlatis \u00e0 Sainte-\u00c9nimie","description":"A toute heure, succombez \u00e0 la gourmandise ! Possibilit\u00e9 de panier pique-nique D\u00e9gustation de vin et bien plus.","robots":{"index":"index","follow":"follow","max-snippet":"max-snippet:-1","max-image-preview":"max-image-preview:large","max-video-preview":"max-video-preview:-1"},"canonical":"https:\/\/www.hotelburlatis.com\/les-petits-delices\/","og_locale":"de_DE","og_type":"article","og_title":"(Fran\u00e7ais) Les petits d\u00e9lices | H\u00f4tel Burlatis \u00e0 Sainte-\u00c9nimie","og_description":"A toute heure, succombez \u00e0 la gourmandise ! Possibilit\u00e9 de panier pique-nique D\u00e9gustation de vin et bien plus.","og_url":"https:\/\/www.hotelburlatis.com\/les-petits-delices\/","og_site_name":"H\u00f4tel Burlatis \u00e0 Sainte-\u00c9nimie","article_modified_time":"2024-03-26T07:46:29+00:00","twitter_card":"summary_large_image","twitter_misc":{"Gesch\u00e4tzte Lesezeit":"1\u00a0Minute"},"schema":{"@context":"https:\/\/schema.org","@graph":[{"@type":"WebPage","@id":"https:\/\/www.hotelburlatis.com\/les-petits-delices\/","url":"https:\/\/www.hotelburlatis.com\/les-petits-delices\/","name":"(Fran\u00e7ais) Les petits d\u00e9lices | H\u00f4tel Burlatis \u00e0 Sainte-\u00c9nimie","isPartOf":{"@id":"https:\/\/www.hotelburlatis.com\/#website"},"datePublished":"2016-01-21T23:00:36+00:00","dateModified":"2024-03-26T07:46:29+00:00","description":"A toute heure, succombez \u00e0 la gourmandise ! Possibilit\u00e9 de panier pique-nique D\u00e9gustation de vin et bien plus.","breadcrumb":{"@id":"https:\/\/www.hotelburlatis.com\/les-petits-delices\/#breadcrumb"},"inLanguage":"de","potentialAction":[{"@type":"ReadAction","target":["https:\/\/www.hotelburlatis.com\/les-petits-delices\/"]}]},{"@type":"BreadcrumbList","@id":"https:\/\/www.hotelburlatis.com\/les-petits-delices\/#breadcrumb","itemListElement":[{"@type":"ListItem","position":1,"name":"Accueil","item":"https:\/\/www.hotelburlatis.com\/"},{"@type":"ListItem","position":2,"name":"Les petits d\u00e9lices"}]},{"@type":"WebSite","@id":"https:\/\/www.hotelburlatis.com\/#website","url":"https:\/\/www.hotelburlatis.com\/","name":"H\u00f4tel Burlatis \u00e0 Sainte-\u00c9nimie","description":"Loz\u00e8re","publisher":{"@id":"https:\/\/www.hotelburlatis.com\/#organization"},"potentialAction":[{"@type":"SearchAction","target":{"@type":"EntryPoint","urlTemplate":"https:\/\/www.hotelburlatis.com\/?s={search_term_string}"},"query-input":{"@type":"PropertyValueSpecification","valueRequired":true,"valueName":"search_term_string"}}],"inLanguage":"de"},{"@type":"Organization","@id":"https:\/\/www.hotelburlatis.com\/#organization","name":"H\u00f4tel Burlatis","url":"https:\/\/www.hotelburlatis.com\/","logo":{"@type":"ImageObject","inLanguage":"de","@id":"https:\/\/www.hotelburlatis.com\/#\/schema\/logo\/image\/","url":"https:\/\/www.hotelburlatis.com\/wp-content\/uploads\/2016\/01\/logo.png","contentUrl":"https:\/\/www.hotelburlatis.com\/wp-content\/uploads\/2016\/01\/logo.png","width":186,"height":148,"caption":"H\u00f4tel Burlatis"},"image":{"@id":"https:\/\/www.hotelburlatis.com\/#\/schema\/logo\/image\/"}}]}},"_links":{"self":[{"href":"https:\/\/www.hotelburlatis.com\/de\/wp-json\/wp\/v2\/pages\/13","targetHints":{"allow":["GET"]}}],"collection":[{"href":"https:\/\/www.hotelburlatis.com\/de\/wp-json\/wp\/v2\/pages"}],"about":[{"href":"https:\/\/www.hotelburlatis.com\/de\/wp-json\/wp\/v2\/types\/page"}],"author":[{"embeddable":true,"href":"https:\/\/www.hotelburlatis.com\/de\/wp-json\/wp\/v2\/users\/4"}],"replies":[{"embeddable":true,"href":"https:\/\/www.hotelburlatis.com\/de\/wp-json\/wp\/v2\/comments?post=13"}],"version-history":[{"count":32,"href":"https:\/\/www.hotelburlatis.com\/de\/wp-json\/wp\/v2\/pages\/13\/revisions"}],"predecessor-version":[{"id":363,"href":"https:\/\/www.hotelburlatis.com\/de\/wp-json\/wp\/v2\/pages\/13\/revisions\/363"}],"wp:attachment":[{"href":"https:\/\/www.hotelburlatis.com\/de\/wp-json\/wp\/v2\/media?parent=13"}],"curies":[{"name":"wp","href":"https:\/\/api.w.org\/{rel}","templated":true}]}}