{"id":17,"date":"2016-01-22T00:01:13","date_gmt":"2016-01-21T23:01:13","guid":{"rendered":"http:\/\/www.hotelburlatis.com\/?page_id=17"},"modified":"2020-06-10T09:41:14","modified_gmt":"2020-06-10T08:41:14","slug":"acces-hotel","status":"publish","type":"page","link":"https:\/\/www.hotelburlatis.com\/de\/acces-hotel\/","title":{"rendered":"(Fran\u00e7ais) Comment venir \u00e0 l\u2019h\u00f4tel Burlatis"},"content":{"rendered":"<p class=\"qtranxs-available-languages-message qtranxs-available-languages-message-de\">Leider ist der Eintrag nur auf <a href=\"https:\/\/www.hotelburlatis.com\/fr\/wp-json\/wp\/v2\/pages\/17\" class=\"qtranxs-available-language-link qtranxs-available-language-link-fr\" title=\"Fran\u00e7ais\">Fran\u00e7ais<\/a> und <a href=\"https:\/\/www.hotelburlatis.com\/en\/wp-json\/wp\/v2\/pages\/17\" class=\"qtranxs-available-language-link qtranxs-available-language-link-en\" title=\"English\">English<\/a> verf\u00fcgbar.<\/p>","protected":false},"excerpt":{"rendered":"","protected":false},"author":4,"featured_media":0,"parent":0,"menu_order":5,"comment_status":"closed","ping_status":"closed","template":"","meta":{"footnotes":""},"class_list":["post-17","page","type-page","status-publish","hentry"],"yoast_head":"<!-- This site is optimized with the Yoast SEO plugin v27.5 - https:\/\/yoast.com\/product\/yoast-seo-wordpress\/ -->\n<title>(Fran\u00e7ais) Comment venir \u00e0 l\u2019h\u00f4tel Burlatis | H\u00f4tel Burlatis \u00e0 Sainte-\u00c9nimie<\/title>\n<meta name=\"description\" content=\"Adresse : H\u00f4tel Burlatis, Rue de la Combe, 48210 SAINTE-ENIMIE. T\u00e9l\u00e9phone : 04 66 48 52 30 PARKING GRATUIT \u00e0 proximit\u00e9.\" \/>\n<meta name=\"robots\" content=\"index, follow, max-snippet:-1, max-image-preview:large, max-video-preview:-1\" \/>\n<link rel=\"canonical\" href=\"https:\/\/www.hotelburlatis.com\/acces-hotel\/\" \/>\n<meta property=\"og:locale\" content=\"de_DE\" \/>\n<meta property=\"og:type\" content=\"article\" \/>\n<meta property=\"og:title\" content=\"(Fran\u00e7ais) Comment venir \u00e0 l\u2019h\u00f4tel Burlatis | H\u00f4tel Burlatis \u00e0 Sainte-\u00c9nimie\" \/>\n<meta property=\"og:description\" content=\"Adresse : H\u00f4tel Burlatis, Rue de la Combe, 48210 SAINTE-ENIMIE. T\u00e9l\u00e9phone : 04 66 48 52 30 PARKING GRATUIT \u00e0 proximit\u00e9.\" \/>\n<meta property=\"og:url\" content=\"https:\/\/www.hotelburlatis.com\/acces-hotel\/\" \/>\n<meta property=\"og:site_name\" content=\"H\u00f4tel Burlatis \u00e0 Sainte-\u00c9nimie\" \/>\n<meta property=\"article:modified_time\" content=\"2020-06-10T08:41:14+00:00\" \/>\n<meta property=\"og:image\" content=\"https:\/\/www.hotelburlatis.com\/wp-content\/uploads\/2016\/01\/hotel-burlatis-sainte-enimie-lozere-gorges-du-tarn-02-800x615.jpg\" \/>\n<meta name=\"twitter:card\" content=\"summary_large_image\" \/>\n<script type=\"application\/ld+json\" class=\"yoast-schema-graph\">{\"@context\":\"https:\\\/\\\/schema.org\",\"@graph\":[{\"@type\":\"WebPage\",\"@id\":\"https:\\\/\\\/www.hotelburlatis.com\\\/acces-hotel\\\/\",\"url\":\"https:\\\/\\\/www.hotelburlatis.com\\\/acces-hotel\\\/\",\"name\":\"(Fran\u00e7ais) Comment venir \u00e0 l\u2019h\u00f4tel Burlatis | H\u00f4tel Burlatis \u00e0 Sainte-\u00c9nimie\",\"isPartOf\":{\"@id\":\"https:\\\/\\\/www.hotelburlatis.com\\\/#website\"},\"primaryImageOfPage\":{\"@id\":\"https:\\\/\\\/www.hotelburlatis.com\\\/acces-hotel\\\/#primaryimage\"},\"image\":{\"@id\":\"https:\\\/\\\/www.hotelburlatis.com\\\/acces-hotel\\\/#primaryimage\"},\"thumbnailUrl\":\"https:\\\/\\\/www.hotelburlatis.com\\\/wp-content\\\/uploads\\\/2016\\\/01\\\/hotel-burlatis-sainte-enimie-lozere-gorges-du-tarn-02-800x615.jpg\",\"datePublished\":\"2016-01-21T23:01:13+00:00\",\"dateModified\":\"2020-06-10T08:41:14+00:00\",\"description\":\"Adresse : H\u00f4tel Burlatis, Rue de la Combe, 48210 SAINTE-ENIMIE. T\u00e9l\u00e9phone : 04 66 48 52 30 PARKING GRATUIT \u00e0 proximit\u00e9.\",\"breadcrumb\":{\"@id\":\"https:\\\/\\\/www.hotelburlatis.com\\\/acces-hotel\\\/#breadcrumb\"},\"inLanguage\":\"de\",\"potentialAction\":[{\"@type\":\"ReadAction\",\"target\":[\"https:\\\/\\\/www.hotelburlatis.com\\\/acces-hotel\\\/\"]}]},{\"@type\":\"ImageObject\",\"inLanguage\":\"de\",\"@id\":\"https:\\\/\\\/www.hotelburlatis.com\\\/acces-hotel\\\/#primaryimage\",\"url\":\"https:\\\/\\\/www.hotelburlatis.com\\\/wp-content\\\/uploads\\\/2016\\\/01\\\/hotel-burlatis-sainte-enimie-lozere-gorges-du-tarn-02-800x615.jpg\",\"contentUrl\":\"https:\\\/\\\/www.hotelburlatis.com\\\/wp-content\\\/uploads\\\/2016\\\/01\\\/hotel-burlatis-sainte-enimie-lozere-gorges-du-tarn-02-800x615.jpg\"},{\"@type\":\"BreadcrumbList\",\"@id\":\"https:\\\/\\\/www.hotelburlatis.com\\\/acces-hotel\\\/#breadcrumb\",\"itemListElement\":[{\"@type\":\"ListItem\",\"position\":1,\"name\":\"Accueil\",\"item\":\"https:\\\/\\\/www.hotelburlatis.com\\\/\"},{\"@type\":\"ListItem\",\"position\":2,\"name\":\"Comment venir \u00e0 l\u2019h\u00f4tel Burlatis\"}]},{\"@type\":\"WebSite\",\"@id\":\"https:\\\/\\\/www.hotelburlatis.com\\\/#website\",\"url\":\"https:\\\/\\\/www.hotelburlatis.com\\\/\",\"name\":\"H\u00f4tel Burlatis \u00e0 Sainte-\u00c9nimie\",\"description\":\"Loz\u00e8re\",\"publisher\":{\"@id\":\"https:\\\/\\\/www.hotelburlatis.com\\\/#organization\"},\"potentialAction\":[{\"@type\":\"SearchAction\",\"target\":{\"@type\":\"EntryPoint\",\"urlTemplate\":\"https:\\\/\\\/www.hotelburlatis.com\\\/?s={search_term_string}\"},\"query-input\":{\"@type\":\"PropertyValueSpecification\",\"valueRequired\":true,\"valueName\":\"search_term_string\"}}],\"inLanguage\":\"de\"},{\"@type\":\"Organization\",\"@id\":\"https:\\\/\\\/www.hotelburlatis.com\\\/#organization\",\"name\":\"H\u00f4tel Burlatis\",\"url\":\"https:\\\/\\\/www.hotelburlatis.com\\\/\",\"logo\":{\"@type\":\"ImageObject\",\"inLanguage\":\"de\",\"@id\":\"https:\\\/\\\/www.hotelburlatis.com\\\/#\\\/schema\\\/logo\\\/image\\\/\",\"url\":\"https:\\\/\\\/www.hotelburlatis.com\\\/wp-content\\\/uploads\\\/2016\\\/01\\\/logo.png\",\"contentUrl\":\"https:\\\/\\\/www.hotelburlatis.com\\\/wp-content\\\/uploads\\\/2016\\\/01\\\/logo.png\",\"width\":186,\"height\":148,\"caption\":\"H\u00f4tel Burlatis\"},\"image\":{\"@id\":\"https:\\\/\\\/www.hotelburlatis.com\\\/#\\\/schema\\\/logo\\\/image\\\/\"}}]}<\/script>\n<!-- \/ Yoast SEO plugin. -->","yoast_head_json":{"title":"(Fran\u00e7ais) Comment venir \u00e0 l\u2019h\u00f4tel Burlatis | H\u00f4tel Burlatis \u00e0 Sainte-\u00c9nimie","description":"Adresse : H\u00f4tel Burlatis, Rue de la Combe, 48210 SAINTE-ENIMIE. T\u00e9l\u00e9phone : 04 66 48 52 30 PARKING GRATUIT \u00e0 proximit\u00e9.","robots":{"index":"index","follow":"follow","max-snippet":"max-snippet:-1","max-image-preview":"max-image-preview:large","max-video-preview":"max-video-preview:-1"},"canonical":"https:\/\/www.hotelburlatis.com\/acces-hotel\/","og_locale":"de_DE","og_type":"article","og_title":"(Fran\u00e7ais) Comment venir \u00e0 l\u2019h\u00f4tel Burlatis | H\u00f4tel Burlatis \u00e0 Sainte-\u00c9nimie","og_description":"Adresse : H\u00f4tel Burlatis, Rue de la Combe, 48210 SAINTE-ENIMIE. T\u00e9l\u00e9phone : 04 66 48 52 30 PARKING GRATUIT \u00e0 proximit\u00e9.","og_url":"https:\/\/www.hotelburlatis.com\/acces-hotel\/","og_site_name":"H\u00f4tel Burlatis \u00e0 Sainte-\u00c9nimie","article_modified_time":"2020-06-10T08:41:14+00:00","og_image":[{"url":"https:\/\/www.hotelburlatis.com\/wp-content\/uploads\/2016\/01\/hotel-burlatis-sainte-enimie-lozere-gorges-du-tarn-02-800x615.jpg","type":"","width":"","height":""}],"twitter_card":"summary_large_image","schema":{"@context":"https:\/\/schema.org","@graph":[{"@type":"WebPage","@id":"https:\/\/www.hotelburlatis.com\/acces-hotel\/","url":"https:\/\/www.hotelburlatis.com\/acces-hotel\/","name":"(Fran\u00e7ais) Comment venir \u00e0 l\u2019h\u00f4tel Burlatis | H\u00f4tel Burlatis \u00e0 Sainte-\u00c9nimie","isPartOf":{"@id":"https:\/\/www.hotelburlatis.com\/#website"},"primaryImageOfPage":{"@id":"https:\/\/www.hotelburlatis.com\/acces-hotel\/#primaryimage"},"image":{"@id":"https:\/\/www.hotelburlatis.com\/acces-hotel\/#primaryimage"},"thumbnailUrl":"https:\/\/www.hotelburlatis.com\/wp-content\/uploads\/2016\/01\/hotel-burlatis-sainte-enimie-lozere-gorges-du-tarn-02-800x615.jpg","datePublished":"2016-01-21T23:01:13+00:00","dateModified":"2020-06-10T08:41:14+00:00","description":"Adresse : H\u00f4tel Burlatis, Rue de la Combe, 48210 SAINTE-ENIMIE. T\u00e9l\u00e9phone : 04 66 48 52 30 PARKING GRATUIT \u00e0 proximit\u00e9.","breadcrumb":{"@id":"https:\/\/www.hotelburlatis.com\/acces-hotel\/#breadcrumb"},"inLanguage":"de","potentialAction":[{"@type":"ReadAction","target":["https:\/\/www.hotelburlatis.com\/acces-hotel\/"]}]},{"@type":"ImageObject","inLanguage":"de","@id":"https:\/\/www.hotelburlatis.com\/acces-hotel\/#primaryimage","url":"https:\/\/www.hotelburlatis.com\/wp-content\/uploads\/2016\/01\/hotel-burlatis-sainte-enimie-lozere-gorges-du-tarn-02-800x615.jpg","contentUrl":"https:\/\/www.hotelburlatis.com\/wp-content\/uploads\/2016\/01\/hotel-burlatis-sainte-enimie-lozere-gorges-du-tarn-02-800x615.jpg"},{"@type":"BreadcrumbList","@id":"https:\/\/www.hotelburlatis.com\/acces-hotel\/#breadcrumb","itemListElement":[{"@type":"ListItem","position":1,"name":"Accueil","item":"https:\/\/www.hotelburlatis.com\/"},{"@type":"ListItem","position":2,"name":"Comment venir \u00e0 l\u2019h\u00f4tel Burlatis"}]},{"@type":"WebSite","@id":"https:\/\/www.hotelburlatis.com\/#website","url":"https:\/\/www.hotelburlatis.com\/","name":"H\u00f4tel Burlatis \u00e0 Sainte-\u00c9nimie","description":"Loz\u00e8re","publisher":{"@id":"https:\/\/www.hotelburlatis.com\/#organization"},"potentialAction":[{"@type":"SearchAction","target":{"@type":"EntryPoint","urlTemplate":"https:\/\/www.hotelburlatis.com\/?s={search_term_string}"},"query-input":{"@type":"PropertyValueSpecification","valueRequired":true,"valueName":"search_term_string"}}],"inLanguage":"de"},{"@type":"Organization","@id":"https:\/\/www.hotelburlatis.com\/#organization","name":"H\u00f4tel Burlatis","url":"https:\/\/www.hotelburlatis.com\/","logo":{"@type":"ImageObject","inLanguage":"de","@id":"https:\/\/www.hotelburlatis.com\/#\/schema\/logo\/image\/","url":"https:\/\/www.hotelburlatis.com\/wp-content\/uploads\/2016\/01\/logo.png","contentUrl":"https:\/\/www.hotelburlatis.com\/wp-content\/uploads\/2016\/01\/logo.png","width":186,"height":148,"caption":"H\u00f4tel Burlatis"},"image":{"@id":"https:\/\/www.hotelburlatis.com\/#\/schema\/logo\/image\/"}}]}},"_links":{"self":[{"href":"https:\/\/www.hotelburlatis.com\/de\/wp-json\/wp\/v2\/pages\/17","targetHints":{"allow":["GET"]}}],"collection":[{"href":"https:\/\/www.hotelburlatis.com\/de\/wp-json\/wp\/v2\/pages"}],"about":[{"href":"https:\/\/www.hotelburlatis.com\/de\/wp-json\/wp\/v2\/types\/page"}],"author":[{"embeddable":true,"href":"https:\/\/www.hotelburlatis.com\/de\/wp-json\/wp\/v2\/users\/4"}],"replies":[{"embeddable":true,"href":"https:\/\/www.hotelburlatis.com\/de\/wp-json\/wp\/v2\/comments?post=17"}],"version-history":[{"count":15,"href":"https:\/\/www.hotelburlatis.com\/de\/wp-json\/wp\/v2\/pages\/17\/revisions"}],"predecessor-version":[{"id":303,"href":"https:\/\/www.hotelburlatis.com\/de\/wp-json\/wp\/v2\/pages\/17\/revisions\/303"}],"wp:attachment":[{"href":"https:\/\/www.hotelburlatis.com\/de\/wp-json\/wp\/v2\/media?parent=17"}],"curies":[{"name":"wp","href":"https:\/\/api.w.org\/{rel}","templated":true}]}}