{"id":2,"date":"2016-01-15T15:18:14","date_gmt":"2016-01-15T14:18:14","guid":{"rendered":"http:\/\/hotelburlatis.com\/?page_id=2"},"modified":"2025-10-24T08:38:16","modified_gmt":"2025-10-24T07:38:16","slug":"hotel","status":"publish","type":"page","link":"https:\/\/www.hotelburlatis.com\/de\/","title":{"rendered":"(Fran\u00e7ais) H\u00f4tel"},"content":{"rendered":"<p class=\"qtranxs-available-languages-message qtranxs-available-languages-message-de\">Leider ist der Eintrag nur auf <a href=\"https:\/\/www.hotelburlatis.com\/fr\/wp-json\/wp\/v2\/pages\/2\" class=\"qtranxs-available-language-link qtranxs-available-language-link-fr\" title=\"Fran\u00e7ais\">Fran\u00e7ais<\/a> und <a href=\"https:\/\/www.hotelburlatis.com\/en\/wp-json\/wp\/v2\/pages\/2\" class=\"qtranxs-available-language-link qtranxs-available-language-link-en\" title=\"English\">English<\/a> verf\u00fcgbar.<\/p>","protected":false},"excerpt":{"rendered":"<p>Leider ist der Eintrag nur auf Fran\u00e7ais und English verf\u00fcgbar.<\/p>\n","protected":false},"author":1,"featured_media":0,"parent":0,"menu_order":1,"comment_status":"closed","ping_status":"open","template":"","meta":{"footnotes":""},"class_list":["post-2","page","type-page","status-publish","hentry"],"yoast_head":"<!-- This site is optimized with the Yoast SEO plugin v27.5 - https:\/\/yoast.com\/product\/yoast-seo-wordpress\/ -->\n<title>Accueil | H\u00f4tel Burlatis \u00e0 Sainte-\u00c9nimie<\/title>\n<meta name=\"description\" content=\"R\u00e9cemment r\u00e9nov\u00e9, l\u2019h\u00f4tel 2 \u00e9toiles Le Burlatis vous accueille dans le village class\u00e9 de Sainte-\u00c9nimie,au c\u0153ur des Gorges du Tarn,dans ses 9 chambres\" \/>\n<meta name=\"robots\" content=\"index, follow, max-snippet:-1, max-image-preview:large, max-video-preview:-1\" \/>\n<link rel=\"canonical\" href=\"https:\/\/www.hotelburlatis.com\/\" \/>\n<meta property=\"og:locale\" content=\"de_DE\" \/>\n<meta property=\"og:type\" content=\"article\" \/>\n<meta property=\"og:title\" content=\"[:fr]H\u00f4tel Burlatis \u00e0 Sainte-\u00c9nimie | En Loz\u00e8re [:en]Accueil | H\u00f4tel Burlatis \u00e0 Sainte-\u00c9nimie[:de]Accueil | H\u00f4tel Burlatis \u00e0 Sainte-\u00c9nimie[:]\" \/>\n<meta property=\"og:description\" content=\"R\u00e9cemment r\u00e9nov\u00e9, l\u2019h\u00f4tel 2 \u00e9toiles Le Burlatis vous accueille dans le village class\u00e9 de Sainte-\u00c9nimie,au c\u0153ur des Gorges du Tarn,dans ses 9 chambres\" \/>\n<meta property=\"og:url\" content=\"https:\/\/www.hotelburlatis.com\/\" \/>\n<meta property=\"og:site_name\" content=\"H\u00f4tel Burlatis \u00e0 Sainte-\u00c9nimie\" \/>\n<meta property=\"article:modified_time\" content=\"2025-10-24T07:38:16+00:00\" \/>\n<meta property=\"og:image\" content=\"https:\/\/www.hotelburlatis.com\/wp-content\/uploads\/2016\/01\/hotel-burlatis-e1489662649890.jpg\" \/>\n\t<meta property=\"og:image:width\" content=\"807\" \/>\n\t<meta property=\"og:image:height\" content=\"900\" \/>\n\t<meta property=\"og:image:type\" content=\"image\/jpeg\" \/>\n<meta name=\"twitter:card\" content=\"summary_large_image\" \/>\n<meta name=\"twitter:label1\" content=\"Gesch\u00e4tzte Lesezeit\" \/>\n\t<meta name=\"twitter:data1\" content=\"4\u00a0Minuten\" \/>\n<script type=\"application\/ld+json\" class=\"yoast-schema-graph\">{\"@context\":\"https:\\\/\\\/schema.org\",\"@graph\":[{\"@type\":\"WebPage\",\"@id\":\"https:\\\/\\\/www.hotelburlatis.com\\\/\",\"url\":\"https:\\\/\\\/www.hotelburlatis.com\\\/\",\"name\":\"[:fr]H\u00f4tel Burlatis \u00e0 Sainte-\u00c9nimie | En Loz\u00e8re [:en]Accueil | H\u00f4tel Burlatis \u00e0 Sainte-\u00c9nimie[:de]Accueil | H\u00f4tel Burlatis \u00e0 Sainte-\u00c9nimie[:]\",\"isPartOf\":{\"@id\":\"https:\\\/\\\/www.hotelburlatis.com\\\/#website\"},\"primaryImageOfPage\":{\"@id\":\"https:\\\/\\\/www.hotelburlatis.com\\\/#primaryimage\"},\"image\":{\"@id\":\"https:\\\/\\\/www.hotelburlatis.com\\\/#primaryimage\"},\"thumbnailUrl\":\"https:\\\/\\\/www.hotelburlatis.com\\\/wp-content\\\/uploads\\\/2016\\\/01\\\/hotel-burlatis-e1489662649890-717x800.jpg\",\"datePublished\":\"2016-01-15T14:18:14+00:00\",\"dateModified\":\"2025-10-24T07:38:16+00:00\",\"description\":\"R\u00e9cemment r\u00e9nov\u00e9, l\u2019h\u00f4tel 2 \u00e9toiles Le Burlatis vous accueille dans le village class\u00e9 de Sainte-\u00c9nimie,au c\u0153ur des Gorges du Tarn,dans ses 9 chambres\",\"breadcrumb\":{\"@id\":\"https:\\\/\\\/www.hotelburlatis.com\\\/#breadcrumb\"},\"inLanguage\":\"de\",\"potentialAction\":[{\"@type\":\"ReadAction\",\"target\":[\"https:\\\/\\\/www.hotelburlatis.com\\\/\"]}]},{\"@type\":\"ImageObject\",\"inLanguage\":\"de\",\"@id\":\"https:\\\/\\\/www.hotelburlatis.com\\\/#primaryimage\",\"url\":\"https:\\\/\\\/www.hotelburlatis.com\\\/wp-content\\\/uploads\\\/2016\\\/01\\\/hotel-burlatis-e1489662649890-717x800.jpg\",\"contentUrl\":\"https:\\\/\\\/www.hotelburlatis.com\\\/wp-content\\\/uploads\\\/2016\\\/01\\\/hotel-burlatis-e1489662649890-717x800.jpg\"},{\"@type\":\"BreadcrumbList\",\"@id\":\"https:\\\/\\\/www.hotelburlatis.com\\\/#breadcrumb\",\"itemListElement\":[{\"@type\":\"ListItem\",\"position\":1,\"name\":\"Accueil\",\"item\":\"https:\\\/\\\/www.hotelburlatis.com\\\/\"},{\"@type\":\"ListItem\",\"position\":2,\"name\":\"[:fr]H\u00f4tel[:en]Hotel[:]\"}]},{\"@type\":\"WebSite\",\"@id\":\"https:\\\/\\\/www.hotelburlatis.com\\\/#website\",\"url\":\"https:\\\/\\\/www.hotelburlatis.com\\\/\",\"name\":\"H\u00f4tel Burlatis \u00e0 Sainte-\u00c9nimie\",\"description\":\"Loz\u00e8re\",\"publisher\":{\"@id\":\"https:\\\/\\\/www.hotelburlatis.com\\\/#organization\"},\"potentialAction\":[{\"@type\":\"SearchAction\",\"target\":{\"@type\":\"EntryPoint\",\"urlTemplate\":\"https:\\\/\\\/www.hotelburlatis.com\\\/?s={search_term_string}\"},\"query-input\":{\"@type\":\"PropertyValueSpecification\",\"valueRequired\":true,\"valueName\":\"search_term_string\"}}],\"inLanguage\":\"de\"},{\"@type\":\"Organization\",\"@id\":\"https:\\\/\\\/www.hotelburlatis.com\\\/#organization\",\"name\":\"H\u00f4tel Burlatis\",\"url\":\"https:\\\/\\\/www.hotelburlatis.com\\\/\",\"logo\":{\"@type\":\"ImageObject\",\"inLanguage\":\"de\",\"@id\":\"https:\\\/\\\/www.hotelburlatis.com\\\/#\\\/schema\\\/logo\\\/image\\\/\",\"url\":\"https:\\\/\\\/www.hotelburlatis.com\\\/wp-content\\\/uploads\\\/2016\\\/01\\\/logo.png\",\"contentUrl\":\"https:\\\/\\\/www.hotelburlatis.com\\\/wp-content\\\/uploads\\\/2016\\\/01\\\/logo.png\",\"width\":186,\"height\":148,\"caption\":\"H\u00f4tel Burlatis\"},\"image\":{\"@id\":\"https:\\\/\\\/www.hotelburlatis.com\\\/#\\\/schema\\\/logo\\\/image\\\/\"}}]}<\/script>\n<!-- \/ Yoast SEO plugin. -->","yoast_head_json":{"title":"Accueil | H\u00f4tel Burlatis \u00e0 Sainte-\u00c9nimie","description":"R\u00e9cemment r\u00e9nov\u00e9, l\u2019h\u00f4tel 2 \u00e9toiles Le Burlatis vous accueille dans le village class\u00e9 de Sainte-\u00c9nimie,au c\u0153ur des Gorges du Tarn,dans ses 9 chambres","robots":{"index":"index","follow":"follow","max-snippet":"max-snippet:-1","max-image-preview":"max-image-preview:large","max-video-preview":"max-video-preview:-1"},"canonical":"https:\/\/www.hotelburlatis.com\/","og_locale":"de_DE","og_type":"article","og_title":"[:fr]H\u00f4tel Burlatis \u00e0 Sainte-\u00c9nimie | En Loz\u00e8re [:en]Accueil | H\u00f4tel Burlatis \u00e0 Sainte-\u00c9nimie[:de]Accueil | H\u00f4tel Burlatis \u00e0 Sainte-\u00c9nimie[:]","og_description":"R\u00e9cemment r\u00e9nov\u00e9, l\u2019h\u00f4tel 2 \u00e9toiles Le Burlatis vous accueille dans le village class\u00e9 de Sainte-\u00c9nimie,au c\u0153ur des Gorges du Tarn,dans ses 9 chambres","og_url":"https:\/\/www.hotelburlatis.com\/","og_site_name":"H\u00f4tel Burlatis \u00e0 Sainte-\u00c9nimie","article_modified_time":"2025-10-24T07:38:16+00:00","og_image":[{"width":807,"height":900,"url":"https:\/\/www.hotelburlatis.com\/wp-content\/uploads\/2016\/01\/hotel-burlatis-e1489662649890.jpg","type":"image\/jpeg"}],"twitter_card":"summary_large_image","twitter_misc":{"Gesch\u00e4tzte Lesezeit":"4\u00a0Minuten"},"schema":{"@context":"https:\/\/schema.org","@graph":[{"@type":"WebPage","@id":"https:\/\/www.hotelburlatis.com\/","url":"https:\/\/www.hotelburlatis.com\/","name":"[:fr]H\u00f4tel Burlatis \u00e0 Sainte-\u00c9nimie | En Loz\u00e8re [:en]Accueil | H\u00f4tel Burlatis \u00e0 Sainte-\u00c9nimie[:de]Accueil | H\u00f4tel Burlatis \u00e0 Sainte-\u00c9nimie[:]","isPartOf":{"@id":"https:\/\/www.hotelburlatis.com\/#website"},"primaryImageOfPage":{"@id":"https:\/\/www.hotelburlatis.com\/#primaryimage"},"image":{"@id":"https:\/\/www.hotelburlatis.com\/#primaryimage"},"thumbnailUrl":"https:\/\/www.hotelburlatis.com\/wp-content\/uploads\/2016\/01\/hotel-burlatis-e1489662649890-717x800.jpg","datePublished":"2016-01-15T14:18:14+00:00","dateModified":"2025-10-24T07:38:16+00:00","description":"R\u00e9cemment r\u00e9nov\u00e9, l\u2019h\u00f4tel 2 \u00e9toiles Le Burlatis vous accueille dans le village class\u00e9 de Sainte-\u00c9nimie,au c\u0153ur des Gorges du Tarn,dans ses 9 chambres","breadcrumb":{"@id":"https:\/\/www.hotelburlatis.com\/#breadcrumb"},"inLanguage":"de","potentialAction":[{"@type":"ReadAction","target":["https:\/\/www.hotelburlatis.com\/"]}]},{"@type":"ImageObject","inLanguage":"de","@id":"https:\/\/www.hotelburlatis.com\/#primaryimage","url":"https:\/\/www.hotelburlatis.com\/wp-content\/uploads\/2016\/01\/hotel-burlatis-e1489662649890-717x800.jpg","contentUrl":"https:\/\/www.hotelburlatis.com\/wp-content\/uploads\/2016\/01\/hotel-burlatis-e1489662649890-717x800.jpg"},{"@type":"BreadcrumbList","@id":"https:\/\/www.hotelburlatis.com\/#breadcrumb","itemListElement":[{"@type":"ListItem","position":1,"name":"Accueil","item":"https:\/\/www.hotelburlatis.com\/"},{"@type":"ListItem","position":2,"name":"[:fr]H\u00f4tel[:en]Hotel[:]"}]},{"@type":"WebSite","@id":"https:\/\/www.hotelburlatis.com\/#website","url":"https:\/\/www.hotelburlatis.com\/","name":"H\u00f4tel Burlatis \u00e0 Sainte-\u00c9nimie","description":"Loz\u00e8re","publisher":{"@id":"https:\/\/www.hotelburlatis.com\/#organization"},"potentialAction":[{"@type":"SearchAction","target":{"@type":"EntryPoint","urlTemplate":"https:\/\/www.hotelburlatis.com\/?s={search_term_string}"},"query-input":{"@type":"PropertyValueSpecification","valueRequired":true,"valueName":"search_term_string"}}],"inLanguage":"de"},{"@type":"Organization","@id":"https:\/\/www.hotelburlatis.com\/#organization","name":"H\u00f4tel Burlatis","url":"https:\/\/www.hotelburlatis.com\/","logo":{"@type":"ImageObject","inLanguage":"de","@id":"https:\/\/www.hotelburlatis.com\/#\/schema\/logo\/image\/","url":"https:\/\/www.hotelburlatis.com\/wp-content\/uploads\/2016\/01\/logo.png","contentUrl":"https:\/\/www.hotelburlatis.com\/wp-content\/uploads\/2016\/01\/logo.png","width":186,"height":148,"caption":"H\u00f4tel Burlatis"},"image":{"@id":"https:\/\/www.hotelburlatis.com\/#\/schema\/logo\/image\/"}}]}},"_links":{"self":[{"href":"https:\/\/www.hotelburlatis.com\/de\/wp-json\/wp\/v2\/pages\/2","targetHints":{"allow":["GET"]}}],"collection":[{"href":"https:\/\/www.hotelburlatis.com\/de\/wp-json\/wp\/v2\/pages"}],"about":[{"href":"https:\/\/www.hotelburlatis.com\/de\/wp-json\/wp\/v2\/types\/page"}],"author":[{"embeddable":true,"href":"https:\/\/www.hotelburlatis.com\/de\/wp-json\/wp\/v2\/users\/1"}],"replies":[{"embeddable":true,"href":"https:\/\/www.hotelburlatis.com\/de\/wp-json\/wp\/v2\/comments?post=2"}],"version-history":[{"count":5,"href":"https:\/\/www.hotelburlatis.com\/de\/wp-json\/wp\/v2\/pages\/2\/revisions"}],"predecessor-version":[{"id":385,"href":"https:\/\/www.hotelburlatis.com\/de\/wp-json\/wp\/v2\/pages\/2\/revisions\/385"}],"wp:attachment":[{"href":"https:\/\/www.hotelburlatis.com\/de\/wp-json\/wp\/v2\/media?parent=2"}],"curies":[{"name":"wp","href":"https:\/\/api.w.org\/{rel}","templated":true}]}}