{"id":11,"date":"2016-01-22T00:00:02","date_gmt":"2016-01-21T23:00:02","guid":{"rendered":"http:\/\/www.hotelburlatis.com\/?page_id=11"},"modified":"2026-01-30T11:37:42","modified_gmt":"2026-01-30T10:37:42","slug":"les-chambres-hotel-gorges-du-tarn","status":"publish","type":"page","link":"https:\/\/www.hotelburlatis.com\/en\/les-chambres-hotel-gorges-du-tarn\/","title":{"rendered":"Hotel Burlatis guestrooms"},"content":{"rendered":"<p>Accommodation in the heart of the <a href=\"https:\/\/www.hotelburlatis.com\/activite-gorges-du-tarn\/\">Gorges du Tarn<\/a>...<\/p>\n\n\n\n<p>With solid oak flooring, muted colours and luxurious bedding in a local stone building, Le Burlatis offers you comfort, charm and authenticity in the medieval village of Sainte-\u00c9nimie.<\/p>\n\n\n\n<p>We provide double, twin, triple. You can see our rates below.<\/p>\n\n\n\n<p>All our guestrooms feature private bathrooms (with shower, toilet and hairdryer), TV and free Wi-Fi.<br>Check-in is from 3.00 pm so you can enjoy the rest of your afternoon.<\/p>\n\n\n\n<p>For your convenience, we provide children's amenities (travel cot, high chair). Just tell us what you need when you book or arrive at reception.<\/p>\n\n\n\n<p>The hotel has secure parking for ten motorbikes, which is covered, free and includes space to dry your suits in wet weather and the essentials to \"tinker with\" your engine.<\/p>\n\n\n\n<p>We accept payments by debit\/credit card,&nbsp; cheque and cash.<\/p>\n\n\n\n<p>Please don't hesitate to <a href=\"https:\/\/www.hotelburlatis.com\/contact-et-reservation\/\">contact us<\/a><\/p>\n\n\n<div class=\"su-row\"><div class=\"su-column su-column-size-1-3\"><div class=\"su-column-inner su-u-clearfix su-u-trim\">\n<p><a href=\"https:\/\/www.hotelburlatis.com\/wp-content\/uploads\/2016\/01\/hotel-burlatis-sainte-enimie-lozere-gorges-du-tarn-04.jpg\" rel=\"attachment wp-att-218\" data-rel=\"lightbox-gallery-awgrMxP3\" data-rl_title=\"\" data-rl_caption=\"\" title=\"\"><img loading=\"lazy\" decoding=\"async\" class=\"alignnone size-medium wp-image-218\" src=\"https:\/\/www.hotelburlatis.com\/wp-content\/uploads\/2016\/01\/hotel-burlatis-sainte-enimie-lozere-gorges-du-tarn-04-800x533.jpg\" alt=\"Hotel Burlatis au c\u0153ur des Gorges du Tarn\" width=\"800\" height=\"533\" srcset=\"https:\/\/www.hotelburlatis.com\/wp-content\/uploads\/2016\/01\/hotel-burlatis-sainte-enimie-lozere-gorges-du-tarn-04-800x533.jpg 800w, https:\/\/www.hotelburlatis.com\/wp-content\/uploads\/2016\/01\/hotel-burlatis-sainte-enimie-lozere-gorges-du-tarn-04.jpg 1350w\" sizes=\"auto, (max-width: 800px) 100vw, 800px\" \/><\/a><\/p>\n<\/div><\/div> <div class=\"su-column su-column-size-1-3\"><div class=\"su-column-inner su-u-clearfix su-u-trim\">\n<p><a href=\"https:\/\/www.hotelburlatis.com\/wp-content\/uploads\/2016\/01\/hotel-burlatis-10.jpg\" rel=\"attachment wp-att-87\" data-rel=\"lightbox-gallery-awgrMxP3\" data-rl_title=\"\" data-rl_caption=\"\"><img loading=\"lazy\" decoding=\"async\" class=\"alignnone wp-image-87 size-medium\" title=\"\" src=\"https:\/\/www.hotelburlatis.com\/wp-content\/uploads\/2016\/01\/hotel-burlatis-10-800x533.jpg\" alt=\"Hotel Burlatis au c\u0153ur des Gorges du Tarn\" width=\"800\" height=\"533\" srcset=\"https:\/\/www.hotelburlatis.com\/wp-content\/uploads\/2016\/01\/hotel-burlatis-10-800x533.jpg 800w, https:\/\/www.hotelburlatis.com\/wp-content\/uploads\/2016\/01\/hotel-burlatis-10-1600x1067.jpg 1600w, https:\/\/www.hotelburlatis.com\/wp-content\/uploads\/2016\/01\/hotel-burlatis-10.jpg 1620w\" sizes=\"auto, (max-width: 800px) 100vw, 800px\" \/><\/a><\/p>\n<\/div><\/div> <div class=\"su-column su-column-size-1-3\"><div class=\"su-column-inner su-u-clearfix su-u-trim\">\n<p><a href=\"https:\/\/www.hotelburlatis.com\/wp-content\/uploads\/2016\/01\/hotel-burlatis-sainte-enimie-lozere-gorges-du-tarn-05.jpg\" rel=\"attachment wp-att-216\" data-rel=\"lightbox-gallery-awgrMxP3\" data-rl_title=\"\" data-rl_caption=\"\" title=\"\"><img loading=\"lazy\" decoding=\"async\" class=\"alignnone size-medium wp-image-216\" src=\"https:\/\/www.hotelburlatis.com\/wp-content\/uploads\/2016\/01\/hotel-burlatis-sainte-enimie-lozere-gorges-du-tarn-05-800x533.jpg\" alt=\"hotel-burlatis-sainte-enimie-lozere-gorges-du-tarn-05\" width=\"800\" height=\"533\" srcset=\"https:\/\/www.hotelburlatis.com\/wp-content\/uploads\/2016\/01\/hotel-burlatis-sainte-enimie-lozere-gorges-du-tarn-05-800x533.jpg 800w, https:\/\/www.hotelburlatis.com\/wp-content\/uploads\/2016\/01\/hotel-burlatis-sainte-enimie-lozere-gorges-du-tarn-05.jpg 1350w\" sizes=\"auto, (max-width: 800px) 100vw, 800px\" \/><\/a><\/p>\n<\/div><\/div><\/div>\n\n\n\n<h2 class=\"wp-block-heading\">2026 prices<\/h2>\n\n\n\n<figure class=\"wp-block-table\"><table class=\"has-fixed-layout\"><thead><tr><th>Service<\/th><th>Price<br>from 04\/04 to 05\/10<\/th><th>half-board<br>Base 2\/pers (double or twin) <br>3\/pers (triple or studio)<\/th><\/tr><\/thead><tbody><tr><td>Studio<\/td><td>100 \u20ac<\/td><td>2 pers : 80 \u20ac\/pers<br>3 ou 4 pers : 75 \u20ac\/pers<\/td><\/tr><tr><td>Bedroom triple 1, 4 or 7 : 2 bed<\/td><td>90 \u20ac (2 bed)<\/td><td>2 pers : 85 \u20ac\/pers (2 bed)<br>3 pers : 80 \u20ac\/pers (2 bed)<\/td><\/tr><tr><td>Bedroom Twin 1, 4 ou 7.<\/td><td>80 \u20ac (1 bed)<\/td><td>80 \u20ac\/pers<\/td><\/tr><tr><td>Bedroom 2\/3\/5\/6\/8\/9<\/td><td>80 \u20ac<\/td><td>1 pers : 120 \u20ac<br>2 pers : 80 \u20ac\/pers<\/td><\/tr><tr><td>Motorcycle\/Bicycle Garage<\/td><td>Free<\/td><td><\/td><\/tr><\/tbody><\/table><\/figure>\n\n\n\n<ul class=\"wp-block-list\">\n<li>Breakfast: \u20ac10.5<\/li>\n\n\n\n<li>Picnic: \u20ac9.5<\/li>\n\n\n\n<li>Extra bed: \u20ac12<\/li>\n<\/ul>\n\n\n\n<p>For information about half-board, please contact us on <a href=\"tel:+33466485230\">+33(0)4 66 48 52 30<\/a>.<\/p>\n\n\n\n<p>A city tax from 1,40\u20ac\/pers to 1,90\u2009\u20ac\/pers has to be added at the total price.<\/p>","protected":false},"excerpt":{"rendered":"<p>Des chambres au c\u0153ur des Gorges du Tarn... Un sol en ch\u00eane massif, des couleurs douces et chaleureuses, une literie r\u00e9cente de qualit\u00e9, dans une b\u00e2tisse en pierre de pays, tous les \u00e9l\u00e9ments sont r\u00e9unis pour un s\u00e9jour alliant confort, charme et authenticit\u00e9 dans la cit\u00e9 m\u00e9di\u00e9vale de Sainte-Enimie. Nous pouvons vous accueillir en chambres [&hellip;]<\/p>\n","protected":false},"author":4,"featured_media":0,"parent":0,"menu_order":2,"comment_status":"closed","ping_status":"closed","template":"","meta":{"footnotes":""},"class_list":["post-11","page","type-page","status-publish","hentry"],"yoast_head":"<!-- This site is optimized with the Yoast SEO plugin v27.3 - https:\/\/yoast.com\/product\/yoast-seo-wordpress\/ -->\n<title>Les chambres | H\u00f4tel Burlatis \u00e0 Sainte-\u00c9nimie<\/title>\n<meta name=\"description\" content=\"Au c\u0153ur des Gorges du Tarn, tous les \u00e9l\u00e9ments sont r\u00e9unis pour un s\u00e9jour alliant confort, charme et authenticit\u00e9 dans la cit\u00e9 m\u00e9di\u00e9vale de Sainte-Enimie\" \/>\n<meta name=\"robots\" content=\"index, follow, max-snippet:-1, max-image-preview:large, max-video-preview:-1\" \/>\n<link rel=\"canonical\" href=\"https:\/\/www.hotelburlatis.com\/les-chambres-hotel-gorges-du-tarn\/\" \/>\n<meta property=\"og:locale\" content=\"en_US\" \/>\n<meta property=\"og:type\" content=\"article\" \/>\n<meta property=\"og:title\" content=\"Les chambres | H\u00f4tel Burlatis \u00e0 Sainte-\u00c9nimie\" \/>\n<meta property=\"og:description\" content=\"Au c\u0153ur des Gorges du Tarn, tous les \u00e9l\u00e9ments sont r\u00e9unis pour un s\u00e9jour alliant confort, charme et authenticit\u00e9 dans la cit\u00e9 m\u00e9di\u00e9vale de Sainte-Enimie\" \/>\n<meta property=\"og:url\" content=\"https:\/\/www.hotelburlatis.com\/les-chambres-hotel-gorges-du-tarn\/\" \/>\n<meta property=\"og:site_name\" content=\"H\u00f4tel Burlatis \u00e0 Sainte-\u00c9nimie\" \/>\n<meta property=\"article:modified_time\" content=\"2026-01-30T10:37:42+00:00\" \/>\n<meta property=\"og:image\" content=\"https:\/\/www.hotelburlatis.com\/wp-content\/uploads\/2016\/01\/hotel-burlatis-10.jpg\" \/>\n\t<meta property=\"og:image:width\" content=\"1620\" \/>\n\t<meta property=\"og:image:height\" content=\"1080\" \/>\n\t<meta property=\"og:image:type\" content=\"image\/jpeg\" \/>\n<meta name=\"twitter:card\" content=\"summary_large_image\" \/>\n<meta name=\"twitter:label1\" content=\"Est. reading time\" \/>\n\t<meta name=\"twitter:data1\" content=\"4 minutes\" \/>\n<script type=\"application\/ld+json\" class=\"yoast-schema-graph\">{\"@context\":\"https:\\\/\\\/schema.org\",\"@graph\":[{\"@type\":\"WebPage\",\"@id\":\"https:\\\/\\\/www.hotelburlatis.com\\\/les-chambres-hotel-gorges-du-tarn\\\/\",\"url\":\"https:\\\/\\\/www.hotelburlatis.com\\\/les-chambres-hotel-gorges-du-tarn\\\/\",\"name\":\"Les chambres | H\u00f4tel Burlatis \u00e0 Sainte-\u00c9nimie\",\"isPartOf\":{\"@id\":\"https:\\\/\\\/www.hotelburlatis.com\\\/#website\"},\"primaryImageOfPage\":{\"@id\":\"https:\\\/\\\/www.hotelburlatis.com\\\/les-chambres-hotel-gorges-du-tarn\\\/#primaryimage\"},\"image\":{\"@id\":\"https:\\\/\\\/www.hotelburlatis.com\\\/les-chambres-hotel-gorges-du-tarn\\\/#primaryimage\"},\"thumbnailUrl\":\"https:\\\/\\\/www.hotelburlatis.com\\\/wp-content\\\/uploads\\\/2016\\\/01\\\/hotel-burlatis-10-800x533.jpg\",\"datePublished\":\"2016-01-21T23:00:02+00:00\",\"dateModified\":\"2026-01-30T10:37:42+00:00\",\"description\":\"Au c\u0153ur des Gorges du Tarn, tous les \u00e9l\u00e9ments sont r\u00e9unis pour un s\u00e9jour alliant confort, charme et authenticit\u00e9 dans la cit\u00e9 m\u00e9di\u00e9vale de Sainte-Enimie\",\"breadcrumb\":{\"@id\":\"https:\\\/\\\/www.hotelburlatis.com\\\/les-chambres-hotel-gorges-du-tarn\\\/#breadcrumb\"},\"inLanguage\":\"en-US\",\"potentialAction\":[{\"@type\":\"ReadAction\",\"target\":[\"https:\\\/\\\/www.hotelburlatis.com\\\/les-chambres-hotel-gorges-du-tarn\\\/\"]}]},{\"@type\":\"ImageObject\",\"inLanguage\":\"en-US\",\"@id\":\"https:\\\/\\\/www.hotelburlatis.com\\\/les-chambres-hotel-gorges-du-tarn\\\/#primaryimage\",\"url\":\"https:\\\/\\\/www.hotelburlatis.com\\\/wp-content\\\/uploads\\\/2016\\\/01\\\/hotel-burlatis-10-800x533.jpg\",\"contentUrl\":\"https:\\\/\\\/www.hotelburlatis.com\\\/wp-content\\\/uploads\\\/2016\\\/01\\\/hotel-burlatis-10-800x533.jpg\"},{\"@type\":\"BreadcrumbList\",\"@id\":\"https:\\\/\\\/www.hotelburlatis.com\\\/les-chambres-hotel-gorges-du-tarn\\\/#breadcrumb\",\"itemListElement\":[{\"@type\":\"ListItem\",\"position\":1,\"name\":\"Accueil\",\"item\":\"https:\\\/\\\/www.hotelburlatis.com\\\/\"},{\"@type\":\"ListItem\",\"position\":2,\"name\":\"[:fr]Les chambres de l'H\u00f4tel Burlatis[:en]Hotel Burlatis guestrooms[:]\"}]},{\"@type\":\"WebSite\",\"@id\":\"https:\\\/\\\/www.hotelburlatis.com\\\/#website\",\"url\":\"https:\\\/\\\/www.hotelburlatis.com\\\/\",\"name\":\"H\u00f4tel Burlatis \u00e0 Sainte-\u00c9nimie\",\"description\":\"Loz\u00e8re\",\"publisher\":{\"@id\":\"https:\\\/\\\/www.hotelburlatis.com\\\/#organization\"},\"potentialAction\":[{\"@type\":\"SearchAction\",\"target\":{\"@type\":\"EntryPoint\",\"urlTemplate\":\"https:\\\/\\\/www.hotelburlatis.com\\\/?s={search_term_string}\"},\"query-input\":{\"@type\":\"PropertyValueSpecification\",\"valueRequired\":true,\"valueName\":\"search_term_string\"}}],\"inLanguage\":\"en-US\"},{\"@type\":\"Organization\",\"@id\":\"https:\\\/\\\/www.hotelburlatis.com\\\/#organization\",\"name\":\"H\u00f4tel Burlatis\",\"url\":\"https:\\\/\\\/www.hotelburlatis.com\\\/\",\"logo\":{\"@type\":\"ImageObject\",\"inLanguage\":\"en-US\",\"@id\":\"https:\\\/\\\/www.hotelburlatis.com\\\/#\\\/schema\\\/logo\\\/image\\\/\",\"url\":\"https:\\\/\\\/www.hotelburlatis.com\\\/wp-content\\\/uploads\\\/2016\\\/01\\\/logo.png\",\"contentUrl\":\"https:\\\/\\\/www.hotelburlatis.com\\\/wp-content\\\/uploads\\\/2016\\\/01\\\/logo.png\",\"width\":186,\"height\":148,\"caption\":\"H\u00f4tel Burlatis\"},\"image\":{\"@id\":\"https:\\\/\\\/www.hotelburlatis.com\\\/#\\\/schema\\\/logo\\\/image\\\/\"}}]}<\/script>\n<!-- \/ Yoast SEO plugin. -->","yoast_head_json":{"title":"Les chambres | H\u00f4tel Burlatis \u00e0 Sainte-\u00c9nimie","description":"Au c\u0153ur des Gorges du Tarn, tous les \u00e9l\u00e9ments sont r\u00e9unis pour un s\u00e9jour alliant confort, charme et authenticit\u00e9 dans la cit\u00e9 m\u00e9di\u00e9vale de Sainte-Enimie","robots":{"index":"index","follow":"follow","max-snippet":"max-snippet:-1","max-image-preview":"max-image-preview:large","max-video-preview":"max-video-preview:-1"},"canonical":"https:\/\/www.hotelburlatis.com\/les-chambres-hotel-gorges-du-tarn\/","og_locale":"en_US","og_type":"article","og_title":"Les chambres | H\u00f4tel Burlatis \u00e0 Sainte-\u00c9nimie","og_description":"Au c\u0153ur des Gorges du Tarn, tous les \u00e9l\u00e9ments sont r\u00e9unis pour un s\u00e9jour alliant confort, charme et authenticit\u00e9 dans la cit\u00e9 m\u00e9di\u00e9vale de Sainte-Enimie","og_url":"https:\/\/www.hotelburlatis.com\/les-chambres-hotel-gorges-du-tarn\/","og_site_name":"H\u00f4tel Burlatis \u00e0 Sainte-\u00c9nimie","article_modified_time":"2026-01-30T10:37:42+00:00","og_image":[{"width":1620,"height":1080,"url":"https:\/\/www.hotelburlatis.com\/wp-content\/uploads\/2016\/01\/hotel-burlatis-10.jpg","type":"image\/jpeg"}],"twitter_card":"summary_large_image","twitter_misc":{"Est. reading time":"4 minutes"},"schema":{"@context":"https:\/\/schema.org","@graph":[{"@type":"WebPage","@id":"https:\/\/www.hotelburlatis.com\/les-chambres-hotel-gorges-du-tarn\/","url":"https:\/\/www.hotelburlatis.com\/les-chambres-hotel-gorges-du-tarn\/","name":"Les chambres | H\u00f4tel Burlatis \u00e0 Sainte-\u00c9nimie","isPartOf":{"@id":"https:\/\/www.hotelburlatis.com\/#website"},"primaryImageOfPage":{"@id":"https:\/\/www.hotelburlatis.com\/les-chambres-hotel-gorges-du-tarn\/#primaryimage"},"image":{"@id":"https:\/\/www.hotelburlatis.com\/les-chambres-hotel-gorges-du-tarn\/#primaryimage"},"thumbnailUrl":"https:\/\/www.hotelburlatis.com\/wp-content\/uploads\/2016\/01\/hotel-burlatis-10-800x533.jpg","datePublished":"2016-01-21T23:00:02+00:00","dateModified":"2026-01-30T10:37:42+00:00","description":"Au c\u0153ur des Gorges du Tarn, tous les \u00e9l\u00e9ments sont r\u00e9unis pour un s\u00e9jour alliant confort, charme et authenticit\u00e9 dans la cit\u00e9 m\u00e9di\u00e9vale de Sainte-Enimie","breadcrumb":{"@id":"https:\/\/www.hotelburlatis.com\/les-chambres-hotel-gorges-du-tarn\/#breadcrumb"},"inLanguage":"en-US","potentialAction":[{"@type":"ReadAction","target":["https:\/\/www.hotelburlatis.com\/les-chambres-hotel-gorges-du-tarn\/"]}]},{"@type":"ImageObject","inLanguage":"en-US","@id":"https:\/\/www.hotelburlatis.com\/les-chambres-hotel-gorges-du-tarn\/#primaryimage","url":"https:\/\/www.hotelburlatis.com\/wp-content\/uploads\/2016\/01\/hotel-burlatis-10-800x533.jpg","contentUrl":"https:\/\/www.hotelburlatis.com\/wp-content\/uploads\/2016\/01\/hotel-burlatis-10-800x533.jpg"},{"@type":"BreadcrumbList","@id":"https:\/\/www.hotelburlatis.com\/les-chambres-hotel-gorges-du-tarn\/#breadcrumb","itemListElement":[{"@type":"ListItem","position":1,"name":"Accueil","item":"https:\/\/www.hotelburlatis.com\/"},{"@type":"ListItem","position":2,"name":"[:fr]Les chambres de l'H\u00f4tel Burlatis[:en]Hotel Burlatis guestrooms[:]"}]},{"@type":"WebSite","@id":"https:\/\/www.hotelburlatis.com\/#website","url":"https:\/\/www.hotelburlatis.com\/","name":"H\u00f4tel Burlatis \u00e0 Sainte-\u00c9nimie","description":"Loz\u00e8re","publisher":{"@id":"https:\/\/www.hotelburlatis.com\/#organization"},"potentialAction":[{"@type":"SearchAction","target":{"@type":"EntryPoint","urlTemplate":"https:\/\/www.hotelburlatis.com\/?s={search_term_string}"},"query-input":{"@type":"PropertyValueSpecification","valueRequired":true,"valueName":"search_term_string"}}],"inLanguage":"en-US"},{"@type":"Organization","@id":"https:\/\/www.hotelburlatis.com\/#organization","name":"H\u00f4tel Burlatis","url":"https:\/\/www.hotelburlatis.com\/","logo":{"@type":"ImageObject","inLanguage":"en-US","@id":"https:\/\/www.hotelburlatis.com\/#\/schema\/logo\/image\/","url":"https:\/\/www.hotelburlatis.com\/wp-content\/uploads\/2016\/01\/logo.png","contentUrl":"https:\/\/www.hotelburlatis.com\/wp-content\/uploads\/2016\/01\/logo.png","width":186,"height":148,"caption":"H\u00f4tel Burlatis"},"image":{"@id":"https:\/\/www.hotelburlatis.com\/#\/schema\/logo\/image\/"}}]}},"_links":{"self":[{"href":"https:\/\/www.hotelburlatis.com\/en\/wp-json\/wp\/v2\/pages\/11","targetHints":{"allow":["GET"]}}],"collection":[{"href":"https:\/\/www.hotelburlatis.com\/en\/wp-json\/wp\/v2\/pages"}],"about":[{"href":"https:\/\/www.hotelburlatis.com\/en\/wp-json\/wp\/v2\/types\/page"}],"author":[{"embeddable":true,"href":"https:\/\/www.hotelburlatis.com\/en\/wp-json\/wp\/v2\/users\/4"}],"replies":[{"embeddable":true,"href":"https:\/\/www.hotelburlatis.com\/en\/wp-json\/wp\/v2\/comments?post=11"}],"version-history":[{"count":4,"href":"https:\/\/www.hotelburlatis.com\/en\/wp-json\/wp\/v2\/pages\/11\/revisions"}],"predecessor-version":[{"id":391,"href":"https:\/\/www.hotelburlatis.com\/en\/wp-json\/wp\/v2\/pages\/11\/revisions\/391"}],"wp:attachment":[{"href":"https:\/\/www.hotelburlatis.com\/en\/wp-json\/wp\/v2\/media?parent=11"}],"curies":[{"name":"wp","href":"https:\/\/api.w.org\/{rel}","templated":true}]}}