{"id":15,"date":"2016-01-22T00:00:55","date_gmt":"2016-01-21T23:00:55","guid":{"rendered":"http:\/\/www.hotelburlatis.com\/?page_id=15"},"modified":"2017-08-28T09:00:12","modified_gmt":"2017-08-28T08:00:12","slug":"activite-gorges-du-tarn","status":"publish","type":"page","link":"https:\/\/www.hotelburlatis.com\/en\/activite-gorges-du-tarn\/","title":{"rendered":"Attractions"},"content":{"rendered":"<h3>Lovers of nature, outdoor activities, breathtaking scenery\u2026.<\/h3>\n<p>Welcome to the Gorges du Tarn!<br \/>\nVisitors never fail to be amazed by these awe-inspiring sites.<br \/>\nYou need to allow at least a few days to explore them.<\/p>\n<div class=\"su-row\"> <div class=\"su-column su-column-size-2-3\"><div class=\"su-column-inner su-u-clearfix su-u-trim\">\n<div class='fotorama--wp' data-nav='thumbs'data-allowfullscreen='true'data-fit='none'data-hash='true'data-loop='true'data-keyboard='true'data-width='100%'data-height='auto'data-ids='177,178,170,181,190,172,79,179,166,162,163,81,167,168,169,171,173,176,174,175,180,164,165'data-link='file'data-itemtag='dl'data-icontag='dt'data-captiontag='dd'data-columns='0'data-size='large'data-auto='false'data-max-width='100%'data-ratio='1.3333333333333'><div id='gallery-3' class='gallery galleryid-15 gallery-columns-0 gallery-size-thumbnail'><dl class='gallery-item'>\n\t\t\t<dt class='gallery-icon landscape'>\n\t\t\t\t<a href='https:\/\/www.hotelburlatis.com\/wp-content\/uploads\/2016\/01\/Sainte-Enimie-Gorges_du_Tarn-2.jpg' data-full='https:\/\/www.hotelburlatis.com\/wp-content\/uploads\/2016\/01\/Sainte-Enimie-Gorges_du_Tarn-2.jpg' title=\"\" data-rl_title=\"\" class=\"rl-gallery-link\" data-rl_caption=\"\" data-rel=\"lightbox-gallery-3\"><img loading=\"lazy\" decoding=\"async\" width=\"200\" height=\"200\" src=\"https:\/\/www.hotelburlatis.com\/wp-content\/uploads\/2016\/01\/Sainte-Enimie-Gorges_du_Tarn-2-380x380.jpg\" class=\"attachment-thumbnail size-thumbnail\" alt=\"\" \/><\/a>\n\t\t\t<\/dt><\/dl><dl class='gallery-item'>\n\t\t\t<dt class='gallery-icon landscape'>\n\t\t\t\t<a href='https:\/\/www.hotelburlatis.com\/wp-content\/uploads\/2016\/01\/Sainte-Enimie-Gorges_du_Tarn-Frankreich.jpg' data-full='https:\/\/www.hotelburlatis.com\/wp-content\/uploads\/2016\/01\/Sainte-Enimie-Gorges_du_Tarn-Frankreich.jpg' title=\"\" data-rl_title=\"\" class=\"rl-gallery-link\" data-rl_caption=\"\" data-rel=\"lightbox-gallery-3\"><img loading=\"lazy\" decoding=\"async\" width=\"200\" height=\"200\" src=\"https:\/\/www.hotelburlatis.com\/wp-content\/uploads\/2016\/01\/Sainte-Enimie-Gorges_du_Tarn-Frankreich-380x380.jpg\" class=\"attachment-thumbnail size-thumbnail\" alt=\"\" \/><\/a>\n\t\t\t<\/dt><\/dl><dl class='gallery-item'>\n\t\t\t<dt class='gallery-icon landscape'>\n\t\t\t\t<a href='https:\/\/www.hotelburlatis.com\/wp-content\/uploads\/2016\/01\/IMG_0543.jpg' data-full='https:\/\/www.hotelburlatis.com\/wp-content\/uploads\/2016\/01\/IMG_0543.jpg' title=\"\" data-rl_title=\"\" class=\"rl-gallery-link\" data-rl_caption=\"\" data-rel=\"lightbox-gallery-3\"><img loading=\"lazy\" decoding=\"async\" width=\"200\" height=\"200\" src=\"https:\/\/www.hotelburlatis.com\/wp-content\/uploads\/2016\/01\/IMG_0543-380x380.jpg\" class=\"attachment-thumbnail size-thumbnail\" alt=\"\" \/><\/a>\n\t\t\t<\/dt><\/dl><dl class='gallery-item'>\n\t\t\t<dt class='gallery-icon landscape'>\n\t\t\t\t<a href='https:\/\/www.hotelburlatis.com\/wp-content\/uploads\/2016\/01\/aven-armand.jpg' data-full='https:\/\/www.hotelburlatis.com\/wp-content\/uploads\/2016\/01\/aven-armand.jpg' title=\"\" data-rl_title=\"\" class=\"rl-gallery-link\" data-rl_caption=\"\" data-rel=\"lightbox-gallery-3\"><img loading=\"lazy\" decoding=\"async\" width=\"200\" height=\"200\" src=\"https:\/\/www.hotelburlatis.com\/wp-content\/uploads\/2016\/01\/aven-armand-380x380.jpg\" class=\"attachment-thumbnail size-thumbnail\" alt=\"\" \/><\/a>\n\t\t\t<\/dt><\/dl><dl class='gallery-item'>\n\t\t\t<dt class='gallery-icon landscape'>\n\t\t\t\t<a href='https:\/\/www.hotelburlatis.com\/wp-content\/uploads\/2016\/01\/hotel-burtlatis-eglise-patrimoine-gite-de-france-1600x900.jpg' data-full='https:\/\/www.hotelburlatis.com\/wp-content\/uploads\/2016\/01\/hotel-burtlatis-eglise-patrimoine-gite-de-france.jpg' title=\"\" data-rl_title=\"\" class=\"rl-gallery-link\" data-rl_caption=\"\" data-rel=\"lightbox-gallery-3\"><img loading=\"lazy\" decoding=\"async\" width=\"200\" height=\"200\" src=\"https:\/\/www.hotelburlatis.com\/wp-content\/uploads\/2016\/01\/hotel-burtlatis-eglise-patrimoine-gite-de-france-200x200.jpg\" class=\"attachment-thumbnail size-thumbnail\" alt=\"\" \/><\/a>\n\t\t\t<\/dt><\/dl><dl class='gallery-item'>\n\t\t\t<dt class='gallery-icon landscape'>\n\t\t\t\t<a href='https:\/\/www.hotelburlatis.com\/wp-content\/uploads\/2016\/01\/point-sublime2_GF.jpg' data-full='https:\/\/www.hotelburlatis.com\/wp-content\/uploads\/2016\/01\/point-sublime2_GF.jpg' title=\"\" data-rl_title=\"\" class=\"rl-gallery-link\" data-rl_caption=\"\" data-rel=\"lightbox-gallery-3\"><img loading=\"lazy\" decoding=\"async\" width=\"200\" height=\"200\" src=\"https:\/\/www.hotelburlatis.com\/wp-content\/uploads\/2016\/01\/point-sublime2_GF-380x380.jpg\" class=\"attachment-thumbnail size-thumbnail\" alt=\"\" \/><\/a>\n\t\t\t<\/dt><\/dl><dl class='gallery-item'>\n\t\t\t<dt class='gallery-icon landscape'>\n\t\t\t\t<a href='https:\/\/www.hotelburlatis.com\/wp-content\/uploads\/2016\/01\/hotel-burlatis-02-1600x1067.jpg' data-full='https:\/\/www.hotelburlatis.com\/wp-content\/uploads\/2016\/01\/hotel-burlatis-02.jpg' title=\"\" data-rl_title=\"\" class=\"rl-gallery-link\" data-rl_caption=\"\" data-rel=\"lightbox-gallery-3\"><img loading=\"lazy\" decoding=\"async\" width=\"200\" height=\"200\" src=\"https:\/\/www.hotelburlatis.com\/wp-content\/uploads\/2016\/01\/hotel-burlatis-02-380x380.jpg\" class=\"attachment-thumbnail size-thumbnail\" alt=\"\" \/><\/a>\n\t\t\t<\/dt><\/dl><dl class='gallery-item'>\n\t\t\t<dt class='gallery-icon landscape'>\n\t\t\t\t<a href='https:\/\/www.hotelburlatis.com\/wp-content\/uploads\/2016\/01\/sainte-enimie-lozere.jpg' data-full='https:\/\/www.hotelburlatis.com\/wp-content\/uploads\/2016\/01\/sainte-enimie-lozere.jpg' title=\"\" data-rl_title=\"\" class=\"rl-gallery-link\" data-rl_caption=\"\" data-rel=\"lightbox-gallery-3\"><img loading=\"lazy\" decoding=\"async\" width=\"200\" height=\"200\" src=\"https:\/\/www.hotelburlatis.com\/wp-content\/uploads\/2016\/01\/sainte-enimie-lozere-380x380.jpg\" class=\"attachment-thumbnail size-thumbnail\" alt=\"\" \/><\/a>\n\t\t\t<\/dt><\/dl><dl class='gallery-item'>\n\t\t\t<dt class='gallery-icon landscape'>\n\t\t\t\t<a href='https:\/\/www.hotelburlatis.com\/wp-content\/uploads\/2016\/01\/causses-mejean.jpg' data-full='https:\/\/www.hotelburlatis.com\/wp-content\/uploads\/2016\/01\/causses-mejean.jpg' title=\"\" data-rl_title=\"\" class=\"rl-gallery-link\" data-rl_caption=\"\" data-rel=\"lightbox-gallery-3\"><img loading=\"lazy\" decoding=\"async\" width=\"200\" height=\"200\" src=\"https:\/\/www.hotelburlatis.com\/wp-content\/uploads\/2016\/01\/causses-mejean-380x380.jpg\" class=\"attachment-thumbnail size-thumbnail\" alt=\"\" \/><\/a>\n\t\t\t<\/dt><\/dl><dl class='gallery-item'>\n\t\t\t<dt class='gallery-icon landscape'>\n\t\t\t\t<a href='https:\/\/www.hotelburlatis.com\/wp-content\/uploads\/2016\/01\/causse-mejean.jpg' data-full='https:\/\/www.hotelburlatis.com\/wp-content\/uploads\/2016\/01\/causse-mejean.jpg' title=\"\" data-rl_title=\"\" class=\"rl-gallery-link\" data-rl_caption=\"\" data-rel=\"lightbox-gallery-3\"><img loading=\"lazy\" decoding=\"async\" width=\"200\" height=\"126\" src=\"https:\/\/www.hotelburlatis.com\/wp-content\/uploads\/2016\/01\/causse-mejean-380x240.jpg\" class=\"attachment-thumbnail size-thumbnail\" alt=\"\" \/><\/a>\n\t\t\t<\/dt><\/dl><dl class='gallery-item'>\n\t\t\t<dt class='gallery-icon landscape'>\n\t\t\t\t<a href='https:\/\/www.hotelburlatis.com\/wp-content\/uploads\/2016\/01\/causse-MEJEAN-cevennes.jpg' data-full='https:\/\/www.hotelburlatis.com\/wp-content\/uploads\/2016\/01\/causse-MEJEAN-cevennes.jpg' title=\"\" data-rl_title=\"\" class=\"rl-gallery-link\" data-rl_caption=\"\" data-rel=\"lightbox-gallery-3\"><img loading=\"lazy\" decoding=\"async\" width=\"200\" height=\"200\" src=\"https:\/\/www.hotelburlatis.com\/wp-content\/uploads\/2016\/01\/causse-MEJEAN-cevennes-380x380.jpg\" class=\"attachment-thumbnail size-thumbnail\" alt=\"\" \/><\/a>\n\t\t\t<\/dt><\/dl><dl class='gallery-item'>\n\t\t\t<dt class='gallery-icon landscape'>\n\t\t\t\t<a href='https:\/\/www.hotelburlatis.com\/wp-content\/uploads\/2016\/01\/hotel-burlatis-04-1600x1067.jpg' data-full='https:\/\/www.hotelburlatis.com\/wp-content\/uploads\/2016\/01\/hotel-burlatis-04.jpg' title=\"\" data-rl_title=\"\" class=\"rl-gallery-link\" data-rl_caption=\"\" data-rel=\"lightbox-gallery-3\"><img loading=\"lazy\" decoding=\"async\" width=\"200\" height=\"200\" src=\"https:\/\/www.hotelburlatis.com\/wp-content\/uploads\/2016\/01\/hotel-burlatis-04-380x380.jpg\" class=\"attachment-thumbnail size-thumbnail\" alt=\"\" \/><\/a>\n\t\t\t<\/dt><\/dl><dl class='gallery-item'>\n\t\t\t<dt class='gallery-icon portrait'>\n\t\t\t\t<a href='https:\/\/www.hotelburlatis.com\/wp-content\/uploads\/2016\/01\/decouverte-Sainte-Enimie-Lozere.jpg' data-full='https:\/\/www.hotelburlatis.com\/wp-content\/uploads\/2016\/01\/decouverte-Sainte-Enimie-Lozere.jpg' title=\"\" data-rl_title=\"\" class=\"rl-gallery-link\" data-rl_caption=\"\" data-rel=\"lightbox-gallery-3\"><img loading=\"lazy\" decoding=\"async\" width=\"200\" height=\"200\" src=\"https:\/\/www.hotelburlatis.com\/wp-content\/uploads\/2016\/01\/decouverte-Sainte-Enimie-Lozere-380x380.jpg\" class=\"attachment-thumbnail size-thumbnail\" alt=\"\" \/><\/a>\n\t\t\t<\/dt><\/dl><dl class='gallery-item'>\n\t\t\t<dt class='gallery-icon landscape'>\n\t\t\t\t<a href='https:\/\/www.hotelburlatis.com\/wp-content\/uploads\/2016\/01\/Gorges_du_Tarn.jpg' data-full='https:\/\/www.hotelburlatis.com\/wp-content\/uploads\/2016\/01\/Gorges_du_Tarn.jpg' title=\"\" data-rl_title=\"\" class=\"rl-gallery-link\" data-rl_caption=\"\" data-rel=\"lightbox-gallery-3\"><img loading=\"lazy\" decoding=\"async\" width=\"200\" height=\"200\" src=\"https:\/\/www.hotelburlatis.com\/wp-content\/uploads\/2016\/01\/Gorges_du_Tarn-380x380.jpg\" class=\"attachment-thumbnail size-thumbnail\" alt=\"\" \/><\/a>\n\t\t\t<\/dt><\/dl><dl class='gallery-item'>\n\t\t\t<dt class='gallery-icon landscape'>\n\t\t\t\t<a href='https:\/\/www.hotelburlatis.com\/wp-content\/uploads\/2016\/01\/gorges-du-tarn-lozere.jpg' data-full='https:\/\/www.hotelburlatis.com\/wp-content\/uploads\/2016\/01\/gorges-du-tarn-lozere.jpg' title=\"\" data-rl_title=\"\" class=\"rl-gallery-link\" data-rl_caption=\"\" data-rel=\"lightbox-gallery-3\"><img loading=\"lazy\" decoding=\"async\" width=\"200\" height=\"200\" src=\"https:\/\/www.hotelburlatis.com\/wp-content\/uploads\/2016\/01\/gorges-du-tarn-lozere-380x380.jpg\" class=\"attachment-thumbnail size-thumbnail\" alt=\"\" \/><\/a>\n\t\t\t<\/dt><\/dl><dl class='gallery-item'>\n\t\t\t<dt class='gallery-icon landscape'>\n\t\t\t\t<a href='https:\/\/www.hotelburlatis.com\/wp-content\/uploads\/2016\/01\/la-malene.jpg' data-full='https:\/\/www.hotelburlatis.com\/wp-content\/uploads\/2016\/01\/la-malene.jpg' title=\"\" data-rl_title=\"\" class=\"rl-gallery-link\" data-rl_caption=\"\" data-rel=\"lightbox-gallery-3\"><img loading=\"lazy\" decoding=\"async\" width=\"200\" height=\"200\" src=\"https:\/\/www.hotelburlatis.com\/wp-content\/uploads\/2016\/01\/la-malene-380x380.jpg\" class=\"attachment-thumbnail size-thumbnail\" alt=\"\" \/><\/a>\n\t\t\t<\/dt><\/dl><dl class='gallery-item'>\n\t\t\t<dt class='gallery-icon landscape'>\n\t\t\t\t<a href='https:\/\/www.hotelburlatis.com\/wp-content\/uploads\/2016\/01\/saint-chely-du-tarn.jpg' data-full='https:\/\/www.hotelburlatis.com\/wp-content\/uploads\/2016\/01\/saint-chely-du-tarn.jpg' title=\"\" data-rl_title=\"\" class=\"rl-gallery-link\" data-rl_caption=\"\" data-rel=\"lightbox-gallery-3\"><img loading=\"lazy\" decoding=\"async\" width=\"200\" height=\"200\" src=\"https:\/\/www.hotelburlatis.com\/wp-content\/uploads\/2016\/01\/saint-chely-du-tarn-380x380.jpg\" class=\"attachment-thumbnail size-thumbnail\" alt=\"\" \/><\/a>\n\t\t\t<\/dt><\/dl><dl class='gallery-item'>\n\t\t\t<dt class='gallery-icon portrait'>\n\t\t\t\t<a href='https:\/\/www.hotelburlatis.com\/wp-content\/uploads\/2016\/01\/Sainte-Enimie-Gorges_du_Tarn.jpg' data-full='https:\/\/www.hotelburlatis.com\/wp-content\/uploads\/2016\/01\/Sainte-Enimie-Gorges_du_Tarn.jpg' title=\"\" data-rl_title=\"\" class=\"rl-gallery-link\" data-rl_caption=\"\" data-rel=\"lightbox-gallery-3\"><img loading=\"lazy\" decoding=\"async\" width=\"200\" height=\"200\" src=\"https:\/\/www.hotelburlatis.com\/wp-content\/uploads\/2016\/01\/Sainte-Enimie-Gorges_du_Tarn-380x380.jpg\" class=\"attachment-thumbnail size-thumbnail\" alt=\"\" \/><\/a>\n\t\t\t<\/dt><\/dl><dl class='gallery-item'>\n\t\t\t<dt class='gallery-icon landscape'>\n\t\t\t\t<a href='https:\/\/www.hotelburlatis.com\/wp-content\/uploads\/2016\/01\/Sainte-Enimie-Gorge_du_Tarn.jpg' data-full='https:\/\/www.hotelburlatis.com\/wp-content\/uploads\/2016\/01\/Sainte-Enimie-Gorge_du_Tarn.jpg' title=\"\" data-rl_title=\"\" class=\"rl-gallery-link\" data-rl_caption=\"\" data-rel=\"lightbox-gallery-3\"><img loading=\"lazy\" decoding=\"async\" width=\"200\" height=\"200\" src=\"https:\/\/www.hotelburlatis.com\/wp-content\/uploads\/2016\/01\/Sainte-Enimie-Gorge_du_Tarn-380x380.jpg\" class=\"attachment-thumbnail size-thumbnail\" alt=\"\" \/><\/a>\n\t\t\t<\/dt><\/dl><dl class='gallery-item'>\n\t\t\t<dt class='gallery-icon portrait'>\n\t\t\t\t<a href='https:\/\/www.hotelburlatis.com\/wp-content\/uploads\/2016\/01\/Sainte-Enimie-Gorge_du_Tarn-fr.jpg' data-full='https:\/\/www.hotelburlatis.com\/wp-content\/uploads\/2016\/01\/Sainte-Enimie-Gorge_du_Tarn-fr.jpg' title=\"\" data-rl_title=\"\" class=\"rl-gallery-link\" data-rl_caption=\"\" data-rel=\"lightbox-gallery-3\"><img loading=\"lazy\" decoding=\"async\" width=\"200\" height=\"200\" src=\"https:\/\/www.hotelburlatis.com\/wp-content\/uploads\/2016\/01\/Sainte-Enimie-Gorge_du_Tarn-fr-380x380.jpg\" class=\"attachment-thumbnail size-thumbnail\" alt=\"\" \/><\/a>\n\t\t\t<\/dt><\/dl><dl class='gallery-item'>\n\t\t\t<dt class='gallery-icon landscape'>\n\t\t\t\t<a href='https:\/\/www.hotelburlatis.com\/wp-content\/uploads\/2016\/01\/St-enimie.jpg' data-full='https:\/\/www.hotelburlatis.com\/wp-content\/uploads\/2016\/01\/St-enimie.jpg' title=\"\" data-rl_title=\"\" class=\"rl-gallery-link\" data-rl_caption=\"\" data-rel=\"lightbox-gallery-3\"><img loading=\"lazy\" decoding=\"async\" width=\"200\" height=\"200\" src=\"https:\/\/www.hotelburlatis.com\/wp-content\/uploads\/2016\/01\/St-enimie-380x380.jpg\" class=\"attachment-thumbnail size-thumbnail\" alt=\"\" \/><\/a>\n\t\t\t<\/dt><\/dl><dl class='gallery-item'>\n\t\t\t<dt class='gallery-icon landscape'>\n\t\t\t\t<a href='https:\/\/www.hotelburlatis.com\/wp-content\/uploads\/2016\/01\/causse-sauveterre.jpg' data-full='https:\/\/www.hotelburlatis.com\/wp-content\/uploads\/2016\/01\/causse-sauveterre.jpg' title=\"\" data-rl_title=\"\" class=\"rl-gallery-link\" data-rl_caption=\"\" data-rel=\"lightbox-gallery-3\"><img loading=\"lazy\" decoding=\"async\" width=\"200\" height=\"200\" src=\"https:\/\/www.hotelburlatis.com\/wp-content\/uploads\/2016\/01\/causse-sauveterre-380x380.jpg\" class=\"attachment-thumbnail size-thumbnail\" alt=\"\" \/><\/a>\n\t\t\t<\/dt><\/dl><dl class='gallery-item'>\n\t\t\t<dt class='gallery-icon landscape'>\n\t\t\t\t<a href='https:\/\/www.hotelburlatis.com\/wp-content\/uploads\/2016\/01\/causse-sauveterres.jpg' data-full='https:\/\/www.hotelburlatis.com\/wp-content\/uploads\/2016\/01\/causse-sauveterres.jpg' title=\"\" data-rl_title=\"\" class=\"rl-gallery-link\" data-rl_caption=\"\" data-rel=\"lightbox-gallery-3\"><img loading=\"lazy\" decoding=\"async\" width=\"200\" height=\"200\" src=\"https:\/\/www.hotelburlatis.com\/wp-content\/uploads\/2016\/01\/causse-sauveterres-380x380.jpg\" class=\"attachment-thumbnail size-thumbnail\" alt=\"\" \/><\/a>\n\t\t\t<\/dt><\/dl>\n\t\t<\/div>\n<\/div>\n<\/div><\/div> <div class=\"su-column su-column-size-1-3\"><div class=\"su-column-inner su-u-clearfix su-u-trim\">\n<p>The canyon formed in the Causses limestone plateaus by the Tarn offers an extraordinary landscape to discover\u2026<\/p>\n<ul>\n<li>By road with stunning panoramic views (Roc des Hourtous, Point Sublime, etc.)<\/li>\n<li>By trail: several hiking and mountain biking trails leave from Sainte-\u00c9nimie or Saint-Ch\u00e9ly- du-Tarn.<\/li>\n<li>By water: do it your own way by canoe or hitch a ride with a boatman.<\/li>\n<li>By air: paraglide or glide over the Gorges\u2026<\/li>\n<\/ul>\n<p>No matter how you do it, unforgettable memories are just waiting to be made in this magical, unspoilt and diverse setting.<\/p>\n<p><strong>Geological wonders:<\/strong> (sinkholes, caves, ravines, etc.) to explore on a guided tour or by potholing.<\/p>\n<p><strong>Natural wonders: <\/strong> the fauna and flora are particularly abundant in C\u00e9vennes National Park with 11,000 plant species and over 2,400 animal species to spot along every path.<\/p>\n<p><strong>Cultural wonders: <\/strong> the medieval village of Sainte-\u00c9nimie is a heritage site, as are many neighbouring areas.<br \/>\n<strong>We would be happy to help you plan your trip to suit you.<\/strong><\/p>\n<\/div><\/div><\/div>","protected":false},"excerpt":{"rendered":"<p>Lovers of nature, outdoor activities, breathtaking scenery\u2026. Welcome to the Gorges du Tarn! Visitors never fail to be amazed by these awe-inspiring sites. You need to allow at least a few days to explore them.<\/p>\n","protected":false},"author":4,"featured_media":0,"parent":0,"menu_order":4,"comment_status":"closed","ping_status":"closed","template":"","meta":{"footnotes":""},"class_list":["post-15","page","type-page","status-publish","hentry"],"yoast_head":"<!-- This site is optimized with the Yoast SEO plugin v27.5 - https:\/\/yoast.com\/product\/yoast-seo-wordpress\/ -->\n<title>Attractions | H\u00f4tel Burlatis \u00e0 Sainte-\u00c9nimie<\/title>\n<meta name=\"description\" content=\"Bienvenue dans les Gorges du Tarn ! Tous ceux qui les ont d\u00e9couvertes sont tomb\u00e9s sous le charme de ces sites majestueux.\" \/>\n<meta name=\"robots\" content=\"index, follow, max-snippet:-1, max-image-preview:large, max-video-preview:-1\" \/>\n<link rel=\"canonical\" href=\"https:\/\/www.hotelburlatis.com\/activite-gorges-du-tarn\/\" \/>\n<meta property=\"og:locale\" content=\"en_US\" \/>\n<meta property=\"og:type\" content=\"article\" \/>\n<meta property=\"og:title\" content=\"Attractions | H\u00f4tel Burlatis \u00e0 Sainte-\u00c9nimie\" \/>\n<meta property=\"og:description\" content=\"Bienvenue dans les Gorges du Tarn ! Tous ceux qui les ont d\u00e9couvertes sont tomb\u00e9s sous le charme de ces sites majestueux.\" \/>\n<meta property=\"og:url\" content=\"https:\/\/www.hotelburlatis.com\/activite-gorges-du-tarn\/\" \/>\n<meta property=\"og:site_name\" content=\"H\u00f4tel Burlatis \u00e0 Sainte-\u00c9nimie\" \/>\n<meta property=\"article:modified_time\" content=\"2017-08-28T08:00:12+00:00\" \/>\n<meta name=\"twitter:card\" content=\"summary_large_image\" \/>\n<meta name=\"twitter:label1\" content=\"Est. reading time\" \/>\n\t<meta name=\"twitter:data1\" content=\"2 minutes\" \/>\n<script type=\"application\/ld+json\" class=\"yoast-schema-graph\">{\"@context\":\"https:\\\/\\\/schema.org\",\"@graph\":[{\"@type\":\"WebPage\",\"@id\":\"https:\\\/\\\/www.hotelburlatis.com\\\/activite-gorges-du-tarn\\\/\",\"url\":\"https:\\\/\\\/www.hotelburlatis.com\\\/activite-gorges-du-tarn\\\/\",\"name\":\"Attractions | H\u00f4tel Burlatis \u00e0 Sainte-\u00c9nimie\",\"isPartOf\":{\"@id\":\"https:\\\/\\\/www.hotelburlatis.com\\\/#website\"},\"datePublished\":\"2016-01-21T23:00:55+00:00\",\"dateModified\":\"2017-08-28T08:00:12+00:00\",\"description\":\"Bienvenue dans les Gorges du Tarn ! Tous ceux qui les ont d\u00e9couvertes sont tomb\u00e9s sous le charme de ces sites majestueux.\",\"breadcrumb\":{\"@id\":\"https:\\\/\\\/www.hotelburlatis.com\\\/activite-gorges-du-tarn\\\/#breadcrumb\"},\"inLanguage\":\"en-US\",\"potentialAction\":[{\"@type\":\"ReadAction\",\"target\":[\"https:\\\/\\\/www.hotelburlatis.com\\\/activite-gorges-du-tarn\\\/\"]}]},{\"@type\":\"BreadcrumbList\",\"@id\":\"https:\\\/\\\/www.hotelburlatis.com\\\/activite-gorges-du-tarn\\\/#breadcrumb\",\"itemListElement\":[{\"@type\":\"ListItem\",\"position\":1,\"name\":\"Accueil\",\"item\":\"https:\\\/\\\/www.hotelburlatis.com\\\/\"},{\"@type\":\"ListItem\",\"position\":2,\"name\":\"\u00c0 d\u00e9couvrir\"}]},{\"@type\":\"WebSite\",\"@id\":\"https:\\\/\\\/www.hotelburlatis.com\\\/#website\",\"url\":\"https:\\\/\\\/www.hotelburlatis.com\\\/\",\"name\":\"H\u00f4tel Burlatis \u00e0 Sainte-\u00c9nimie\",\"description\":\"Loz\u00e8re\",\"publisher\":{\"@id\":\"https:\\\/\\\/www.hotelburlatis.com\\\/#organization\"},\"potentialAction\":[{\"@type\":\"SearchAction\",\"target\":{\"@type\":\"EntryPoint\",\"urlTemplate\":\"https:\\\/\\\/www.hotelburlatis.com\\\/?s={search_term_string}\"},\"query-input\":{\"@type\":\"PropertyValueSpecification\",\"valueRequired\":true,\"valueName\":\"search_term_string\"}}],\"inLanguage\":\"en-US\"},{\"@type\":\"Organization\",\"@id\":\"https:\\\/\\\/www.hotelburlatis.com\\\/#organization\",\"name\":\"H\u00f4tel Burlatis\",\"url\":\"https:\\\/\\\/www.hotelburlatis.com\\\/\",\"logo\":{\"@type\":\"ImageObject\",\"inLanguage\":\"en-US\",\"@id\":\"https:\\\/\\\/www.hotelburlatis.com\\\/#\\\/schema\\\/logo\\\/image\\\/\",\"url\":\"https:\\\/\\\/www.hotelburlatis.com\\\/wp-content\\\/uploads\\\/2016\\\/01\\\/logo.png\",\"contentUrl\":\"https:\\\/\\\/www.hotelburlatis.com\\\/wp-content\\\/uploads\\\/2016\\\/01\\\/logo.png\",\"width\":186,\"height\":148,\"caption\":\"H\u00f4tel Burlatis\"},\"image\":{\"@id\":\"https:\\\/\\\/www.hotelburlatis.com\\\/#\\\/schema\\\/logo\\\/image\\\/\"}}]}<\/script>\n<!-- \/ Yoast SEO plugin. -->","yoast_head_json":{"title":"Attractions | H\u00f4tel Burlatis \u00e0 Sainte-\u00c9nimie","description":"Bienvenue dans les Gorges du Tarn ! Tous ceux qui les ont d\u00e9couvertes sont tomb\u00e9s sous le charme de ces sites majestueux.","robots":{"index":"index","follow":"follow","max-snippet":"max-snippet:-1","max-image-preview":"max-image-preview:large","max-video-preview":"max-video-preview:-1"},"canonical":"https:\/\/www.hotelburlatis.com\/activite-gorges-du-tarn\/","og_locale":"en_US","og_type":"article","og_title":"Attractions | H\u00f4tel Burlatis \u00e0 Sainte-\u00c9nimie","og_description":"Bienvenue dans les Gorges du Tarn ! Tous ceux qui les ont d\u00e9couvertes sont tomb\u00e9s sous le charme de ces sites majestueux.","og_url":"https:\/\/www.hotelburlatis.com\/activite-gorges-du-tarn\/","og_site_name":"H\u00f4tel Burlatis \u00e0 Sainte-\u00c9nimie","article_modified_time":"2017-08-28T08:00:12+00:00","twitter_card":"summary_large_image","twitter_misc":{"Est. reading time":"2 minutes"},"schema":{"@context":"https:\/\/schema.org","@graph":[{"@type":"WebPage","@id":"https:\/\/www.hotelburlatis.com\/activite-gorges-du-tarn\/","url":"https:\/\/www.hotelburlatis.com\/activite-gorges-du-tarn\/","name":"Attractions | H\u00f4tel Burlatis \u00e0 Sainte-\u00c9nimie","isPartOf":{"@id":"https:\/\/www.hotelburlatis.com\/#website"},"datePublished":"2016-01-21T23:00:55+00:00","dateModified":"2017-08-28T08:00:12+00:00","description":"Bienvenue dans les Gorges du Tarn ! Tous ceux qui les ont d\u00e9couvertes sont tomb\u00e9s sous le charme de ces sites majestueux.","breadcrumb":{"@id":"https:\/\/www.hotelburlatis.com\/activite-gorges-du-tarn\/#breadcrumb"},"inLanguage":"en-US","potentialAction":[{"@type":"ReadAction","target":["https:\/\/www.hotelburlatis.com\/activite-gorges-du-tarn\/"]}]},{"@type":"BreadcrumbList","@id":"https:\/\/www.hotelburlatis.com\/activite-gorges-du-tarn\/#breadcrumb","itemListElement":[{"@type":"ListItem","position":1,"name":"Accueil","item":"https:\/\/www.hotelburlatis.com\/"},{"@type":"ListItem","position":2,"name":"\u00c0 d\u00e9couvrir"}]},{"@type":"WebSite","@id":"https:\/\/www.hotelburlatis.com\/#website","url":"https:\/\/www.hotelburlatis.com\/","name":"H\u00f4tel Burlatis \u00e0 Sainte-\u00c9nimie","description":"Loz\u00e8re","publisher":{"@id":"https:\/\/www.hotelburlatis.com\/#organization"},"potentialAction":[{"@type":"SearchAction","target":{"@type":"EntryPoint","urlTemplate":"https:\/\/www.hotelburlatis.com\/?s={search_term_string}"},"query-input":{"@type":"PropertyValueSpecification","valueRequired":true,"valueName":"search_term_string"}}],"inLanguage":"en-US"},{"@type":"Organization","@id":"https:\/\/www.hotelburlatis.com\/#organization","name":"H\u00f4tel Burlatis","url":"https:\/\/www.hotelburlatis.com\/","logo":{"@type":"ImageObject","inLanguage":"en-US","@id":"https:\/\/www.hotelburlatis.com\/#\/schema\/logo\/image\/","url":"https:\/\/www.hotelburlatis.com\/wp-content\/uploads\/2016\/01\/logo.png","contentUrl":"https:\/\/www.hotelburlatis.com\/wp-content\/uploads\/2016\/01\/logo.png","width":186,"height":148,"caption":"H\u00f4tel Burlatis"},"image":{"@id":"https:\/\/www.hotelburlatis.com\/#\/schema\/logo\/image\/"}}]}},"_links":{"self":[{"href":"https:\/\/www.hotelburlatis.com\/en\/wp-json\/wp\/v2\/pages\/15","targetHints":{"allow":["GET"]}}],"collection":[{"href":"https:\/\/www.hotelburlatis.com\/en\/wp-json\/wp\/v2\/pages"}],"about":[{"href":"https:\/\/www.hotelburlatis.com\/en\/wp-json\/wp\/v2\/types\/page"}],"author":[{"embeddable":true,"href":"https:\/\/www.hotelburlatis.com\/en\/wp-json\/wp\/v2\/users\/4"}],"replies":[{"embeddable":true,"href":"https:\/\/www.hotelburlatis.com\/en\/wp-json\/wp\/v2\/comments?post=15"}],"version-history":[{"count":17,"href":"https:\/\/www.hotelburlatis.com\/en\/wp-json\/wp\/v2\/pages\/15\/revisions"}],"predecessor-version":[{"id":235,"href":"https:\/\/www.hotelburlatis.com\/en\/wp-json\/wp\/v2\/pages\/15\/revisions\/235"}],"wp:attachment":[{"href":"https:\/\/www.hotelburlatis.com\/en\/wp-json\/wp\/v2\/media?parent=15"}],"curies":[{"name":"wp","href":"https:\/\/api.w.org\/{rel}","templated":true}]}}