{"id":2,"date":"2016-01-15T15:18:14","date_gmt":"2016-01-15T14:18:14","guid":{"rendered":"http:\/\/hotelburlatis.com\/?page_id=2"},"modified":"2025-10-24T08:38:16","modified_gmt":"2025-10-24T07:38:16","slug":"hotel","status":"publish","type":"page","link":"https:\/\/www.hotelburlatis.com\/en\/","title":{"rendered":"Hotel"},"content":{"rendered":"<div class=\"su-row\"><div class=\"su-column su-column-size-2-5\"><div class=\"su-column-inner su-u-clearfix su-u-trim\">\n<img loading=\"lazy\" decoding=\"async\" class=\"alignnone size-medium wp-image-37\" src=\"https:\/\/www.hotelburlatis.com\/wp-content\/uploads\/2016\/01\/hotel-burlatis-e1489662649890-717x800.jpg\" alt=\"Hotel Burlatis\" width=\"717\" height=\"800\" srcset=\"https:\/\/www.hotelburlatis.com\/wp-content\/uploads\/2016\/01\/hotel-burlatis-e1489662649890-717x800.jpg 717w, https:\/\/www.hotelburlatis.com\/wp-content\/uploads\/2016\/01\/hotel-burlatis-e1489662649890.jpg 807w\" sizes=\"auto, (max-width: 717px) 100vw, 717px\" \/> <\/div><\/div>\n<div class=\"su-column su-column-size-3-5\"><div class=\"su-column-inner su-u-clearfix su-u-trim\">\n<h1 style=\"text-align: center;\">H\u00f4tel Burlatis \u00e0 Sainte-\u00c9nimie (Loz\u00e8re)<\/h1>\n<h3 style=\"text-align: center;\"><strong>Annual closure from may 29, 2024 to october 6, 2025<\/strong><\/h3>\n<h3>Welcome to your home from home!<\/h3>\n<p>A warm welcome awaits you at Le Burlatis, a two-star hotel nestling in the heart of the Gorges du Tarn, in the historic village of Sainte-\u00c9nimie.<\/p>\n<p>Our classic stone building, which was recently renovated, combines traditional character and modern conveniences in all its nine guestrooms. And it provides an ideal base for exploring Gorges, Causses and C\u00e9vennes.<\/p>\n<p>During your stay, you can relax on either of our two patios, order around the clock from our blackboards of regional specialities and enjoy our selection of wines by the glass.<\/p>\n<p>We hope to see you soon.<\/p>\n<div class=\"img-accueil-blt\">\n<div style=\"float: left;\">\n<div class='fotorama--wp' data-ids='98,97,95,94,90,89,88,85,78'data-style='float:left;'data-allowfullscreen='true'data-fit='cover'data-hash='true'data-loop='true'data-keyboard='true'data-width='100%'data-height='267'data-link='file'data-itemtag='dl'data-icontag='dt'data-captiontag='dd'data-columns='0'data-size='large'data-auto='false'data-max-width='100%'data-ratio='1.5'><div id='gallery-3' class='gallery galleryid-2 gallery-columns-0 gallery-size-thumbnail'><dl class='gallery-item'>\n\t\t\t<dt class='gallery-icon landscape'>\n\t\t\t\t<a href='https:\/\/www.hotelburlatis.com\/wp-content\/uploads\/2016\/01\/hotel-burlatis-20.jpg' data-full='https:\/\/www.hotelburlatis.com\/wp-content\/uploads\/2016\/01\/hotel-burlatis-20.jpg' title=\"\" data-rl_title=\"\" class=\"rl-gallery-link\" data-rl_caption=\"\" data-rel=\"lightbox-gallery-3\"><img loading=\"lazy\" decoding=\"async\" width=\"200\" height=\"200\" src=\"https:\/\/www.hotelburlatis.com\/wp-content\/uploads\/2016\/01\/hotel-burlatis-20-380x380.jpg\" class=\"attachment-thumbnail size-thumbnail\" alt=\"\" \/><\/a>\n\t\t\t<\/dt><\/dl><dl class='gallery-item'>\n\t\t\t<dt class='gallery-icon landscape'>\n\t\t\t\t<a href='https:\/\/www.hotelburlatis.com\/wp-content\/uploads\/2016\/01\/hotel-burlatis-19-1600x1067.jpg' data-full='https:\/\/www.hotelburlatis.com\/wp-content\/uploads\/2016\/01\/hotel-burlatis-19.jpg' title=\"\" data-rl_title=\"\" class=\"rl-gallery-link\" data-rl_caption=\"\" data-rel=\"lightbox-gallery-3\"><img loading=\"lazy\" decoding=\"async\" width=\"200\" height=\"200\" src=\"https:\/\/www.hotelburlatis.com\/wp-content\/uploads\/2016\/01\/hotel-burlatis-19-380x380.jpg\" class=\"attachment-thumbnail size-thumbnail\" alt=\"\" \/><\/a>\n\t\t\t<\/dt><\/dl><dl class='gallery-item'>\n\t\t\t<dt class='gallery-icon landscape'>\n\t\t\t\t<a href='https:\/\/www.hotelburlatis.com\/wp-content\/uploads\/2016\/01\/hotel-burlatis-18-1600x1067.jpg' data-full='https:\/\/www.hotelburlatis.com\/wp-content\/uploads\/2016\/01\/hotel-burlatis-18.jpg' title=\"\" data-rl_title=\"\" class=\"rl-gallery-link\" data-rl_caption=\"\" data-rel=\"lightbox-gallery-3\"><img loading=\"lazy\" decoding=\"async\" width=\"200\" height=\"200\" src=\"https:\/\/www.hotelburlatis.com\/wp-content\/uploads\/2016\/01\/hotel-burlatis-18-380x380.jpg\" class=\"attachment-thumbnail size-thumbnail\" alt=\"\" \/><\/a>\n\t\t\t<\/dt><\/dl><dl class='gallery-item'>\n\t\t\t<dt class='gallery-icon landscape'>\n\t\t\t\t<a href='https:\/\/www.hotelburlatis.com\/wp-content\/uploads\/2016\/01\/hotel-burlatis-17-1600x1067.jpg' data-full='https:\/\/www.hotelburlatis.com\/wp-content\/uploads\/2016\/01\/hotel-burlatis-17.jpg' title=\"\" data-rl_title=\"\" class=\"rl-gallery-link\" data-rl_caption=\"\" data-rel=\"lightbox-gallery-3\"><img loading=\"lazy\" decoding=\"async\" width=\"200\" height=\"200\" src=\"https:\/\/www.hotelburlatis.com\/wp-content\/uploads\/2016\/01\/hotel-burlatis-17-380x380.jpg\" class=\"attachment-thumbnail size-thumbnail\" alt=\"\" \/><\/a>\n\t\t\t<\/dt><\/dl><dl class='gallery-item'>\n\t\t\t<dt class='gallery-icon landscape'>\n\t\t\t\t<a href='https:\/\/www.hotelburlatis.com\/wp-content\/uploads\/2016\/01\/hotel-burlatis-13-1600x1067.jpg' data-full='https:\/\/www.hotelburlatis.com\/wp-content\/uploads\/2016\/01\/hotel-burlatis-13.jpg' title=\"\" data-rl_title=\"\" class=\"rl-gallery-link\" data-rl_caption=\"\" data-rel=\"lightbox-gallery-3\"><img loading=\"lazy\" decoding=\"async\" width=\"200\" height=\"200\" src=\"https:\/\/www.hotelburlatis.com\/wp-content\/uploads\/2016\/01\/hotel-burlatis-13-380x380.jpg\" class=\"attachment-thumbnail size-thumbnail\" alt=\"\" \/><\/a>\n\t\t\t<\/dt><\/dl><dl class='gallery-item'>\n\t\t\t<dt class='gallery-icon landscape'>\n\t\t\t\t<a href='https:\/\/www.hotelburlatis.com\/wp-content\/uploads\/2016\/01\/hotel-burlatis-12-1600x1067.jpg' data-full='https:\/\/www.hotelburlatis.com\/wp-content\/uploads\/2016\/01\/hotel-burlatis-12.jpg' title=\"\" data-rl_title=\"\" class=\"rl-gallery-link\" data-rl_caption=\"\" data-rel=\"lightbox-gallery-3\"><img loading=\"lazy\" decoding=\"async\" width=\"200\" height=\"200\" src=\"https:\/\/www.hotelburlatis.com\/wp-content\/uploads\/2016\/01\/hotel-burlatis-12-380x380.jpg\" class=\"attachment-thumbnail size-thumbnail\" alt=\"\" \/><\/a>\n\t\t\t<\/dt><\/dl><dl class='gallery-item'>\n\t\t\t<dt class='gallery-icon landscape'>\n\t\t\t\t<a href='https:\/\/www.hotelburlatis.com\/wp-content\/uploads\/2016\/01\/hotel-burlatis-11-1600x1067.jpg' data-full='https:\/\/www.hotelburlatis.com\/wp-content\/uploads\/2016\/01\/hotel-burlatis-11.jpg' title=\"\" data-rl_title=\"\" class=\"rl-gallery-link\" data-rl_caption=\"\" data-rel=\"lightbox-gallery-3\"><img loading=\"lazy\" decoding=\"async\" width=\"200\" height=\"200\" src=\"https:\/\/www.hotelburlatis.com\/wp-content\/uploads\/2016\/01\/hotel-burlatis-11-380x380.jpg\" class=\"attachment-thumbnail size-thumbnail\" alt=\"\" \/><\/a>\n\t\t\t<\/dt><\/dl><dl class='gallery-item'>\n\t\t\t<dt class='gallery-icon landscape'>\n\t\t\t\t<a href='https:\/\/www.hotelburlatis.com\/wp-content\/uploads\/2016\/01\/hotel-burlatis-08-1600x1067.jpg' data-full='https:\/\/www.hotelburlatis.com\/wp-content\/uploads\/2016\/01\/hotel-burlatis-08.jpg' title=\"\" data-rl_title=\"\" class=\"rl-gallery-link\" data-rl_caption=\"\" data-rel=\"lightbox-gallery-3\"><img loading=\"lazy\" decoding=\"async\" width=\"200\" height=\"200\" src=\"https:\/\/www.hotelburlatis.com\/wp-content\/uploads\/2016\/01\/hotel-burlatis-08-380x380.jpg\" class=\"attachment-thumbnail size-thumbnail\" alt=\"\" \/><\/a>\n\t\t\t<\/dt><\/dl><dl class='gallery-item'>\n\t\t\t<dt class='gallery-icon landscape'>\n\t\t\t\t<a href='https:\/\/www.hotelburlatis.com\/wp-content\/uploads\/2016\/01\/hotel-burlatis-01-1600x956.jpg' data-full='https:\/\/www.hotelburlatis.com\/wp-content\/uploads\/2016\/01\/hotel-burlatis-01.jpg' title=\"\" data-rl_title=\"\" class=\"rl-gallery-link\" data-rl_caption=\"\" data-rel=\"lightbox-gallery-3\"><img loading=\"lazy\" decoding=\"async\" width=\"200\" height=\"200\" src=\"https:\/\/www.hotelburlatis.com\/wp-content\/uploads\/2016\/01\/hotel-burlatis-01-380x380.jpg\" class=\"attachment-thumbnail size-thumbnail\" alt=\"\" \/><\/a>\n\t\t\t<\/dt><\/dl>\n\t\t<\/div>\n<\/div>\n<\/div>\n<p><a class=\"img-right-blt\" href=\"https:\/\/www.hotelburlatis.com\/acces\/\"><img decoding=\"async\" src=\"https:\/\/www.hotelburlatis.com\/wp-content\/uploads\/2016\/01\/nous-situer.jpg\" alt=\"H\u00f4tel Burlatis en Loz\u00e8re\" \/><\/a><\/p>\n<\/div>\n<\/div><\/div>\n<\/div>\n<div class=\"su-row\">\n<div class=\"su-column su-column-size-2-3 inverse\"><div class=\"su-column-inner su-u-clearfix su-u-trim\">\nA little history\u2026 The hotel&#8217;s name is directly linked to the history of the village\u2026 Sainte-\u00c9nimie owes its current name to a princess of royal blood, the daughter of Chlothar II and sister of Dagobert I.<br \/>\n\u00c9nimie was miraculously cured of leprosy by bathing in the spring waters of Burle. In reference to the spring, the village was known as &#8220;Burlatis&#8221; before it was renamed after its patron saint.<br \/>\n<\/div><\/div>\n<div class=\"su-column su-column-size-1-3\"><div class=\"su-column-inner su-u-clearfix su-u-trim\">\n<p><img loading=\"lazy\" decoding=\"async\" class=\"alignleft wp-image-126 size-full\" title=\"Village de Sainte-\u00c9nimie dans les Gorges du Tarn (Loz\u00e8re)\" src=\"https:\/\/www.hotelburlatis.com\/wp-content\/uploads\/2016\/01\/sainte-enimie-gorges-du-tarn-e1454087490579.jpg\" alt=\"Village de Sainte-\u00c9nimie dans les Gorges du Tarn (Loz\u00e8re)\" width=\"670\" height=\"268\" \/><\/p>\n<\/div><\/div>\n<\/div>","protected":false},"excerpt":{"rendered":"","protected":false},"author":1,"featured_media":0,"parent":0,"menu_order":1,"comment_status":"closed","ping_status":"open","template":"","meta":{"footnotes":""},"class_list":["post-2","page","type-page","status-publish","hentry"],"yoast_head":"<!-- This site is optimized with the Yoast SEO plugin v27.5 - https:\/\/yoast.com\/product\/yoast-seo-wordpress\/ -->\n<title>Accueil | H\u00f4tel Burlatis \u00e0 Sainte-\u00c9nimie<\/title>\n<meta name=\"description\" content=\"R\u00e9cemment r\u00e9nov\u00e9, l\u2019h\u00f4tel 2 \u00e9toiles Le Burlatis vous accueille dans le village class\u00e9 de Sainte-\u00c9nimie,au c\u0153ur des Gorges du Tarn,dans ses 9 chambres\" \/>\n<meta name=\"robots\" content=\"index, follow, max-snippet:-1, max-image-preview:large, max-video-preview:-1\" \/>\n<link rel=\"canonical\" href=\"https:\/\/www.hotelburlatis.com\/\" \/>\n<meta property=\"og:locale\" content=\"en_US\" \/>\n<meta property=\"og:type\" content=\"article\" \/>\n<meta property=\"og:title\" content=\"[:fr]H\u00f4tel Burlatis \u00e0 Sainte-\u00c9nimie | En Loz\u00e8re [:en]Accueil | H\u00f4tel Burlatis \u00e0 Sainte-\u00c9nimie[:de]Accueil | H\u00f4tel Burlatis \u00e0 Sainte-\u00c9nimie[:]\" \/>\n<meta property=\"og:description\" content=\"R\u00e9cemment r\u00e9nov\u00e9, l\u2019h\u00f4tel 2 \u00e9toiles Le Burlatis vous accueille dans le village class\u00e9 de Sainte-\u00c9nimie,au c\u0153ur des Gorges du Tarn,dans ses 9 chambres\" \/>\n<meta property=\"og:url\" content=\"https:\/\/www.hotelburlatis.com\/\" \/>\n<meta property=\"og:site_name\" content=\"H\u00f4tel Burlatis \u00e0 Sainte-\u00c9nimie\" \/>\n<meta property=\"article:modified_time\" content=\"2025-10-24T07:38:16+00:00\" \/>\n<meta property=\"og:image\" content=\"https:\/\/www.hotelburlatis.com\/wp-content\/uploads\/2016\/01\/hotel-burlatis-e1489662649890.jpg\" \/>\n\t<meta property=\"og:image:width\" content=\"807\" \/>\n\t<meta property=\"og:image:height\" content=\"900\" \/>\n\t<meta property=\"og:image:type\" content=\"image\/jpeg\" \/>\n<meta name=\"twitter:card\" content=\"summary_large_image\" \/>\n<meta name=\"twitter:label1\" content=\"Est. reading time\" \/>\n\t<meta name=\"twitter:data1\" content=\"4 minutes\" \/>\n<script type=\"application\/ld+json\" class=\"yoast-schema-graph\">{\"@context\":\"https:\\\/\\\/schema.org\",\"@graph\":[{\"@type\":\"WebPage\",\"@id\":\"https:\\\/\\\/www.hotelburlatis.com\\\/\",\"url\":\"https:\\\/\\\/www.hotelburlatis.com\\\/\",\"name\":\"[:fr]H\u00f4tel Burlatis \u00e0 Sainte-\u00c9nimie | En Loz\u00e8re [:en]Accueil | H\u00f4tel Burlatis \u00e0 Sainte-\u00c9nimie[:de]Accueil | H\u00f4tel Burlatis \u00e0 Sainte-\u00c9nimie[:]\",\"isPartOf\":{\"@id\":\"https:\\\/\\\/www.hotelburlatis.com\\\/#website\"},\"primaryImageOfPage\":{\"@id\":\"https:\\\/\\\/www.hotelburlatis.com\\\/#primaryimage\"},\"image\":{\"@id\":\"https:\\\/\\\/www.hotelburlatis.com\\\/#primaryimage\"},\"thumbnailUrl\":\"https:\\\/\\\/www.hotelburlatis.com\\\/wp-content\\\/uploads\\\/2016\\\/01\\\/hotel-burlatis-e1489662649890-717x800.jpg\",\"datePublished\":\"2016-01-15T14:18:14+00:00\",\"dateModified\":\"2025-10-24T07:38:16+00:00\",\"description\":\"R\u00e9cemment r\u00e9nov\u00e9, l\u2019h\u00f4tel 2 \u00e9toiles Le Burlatis vous accueille dans le village class\u00e9 de Sainte-\u00c9nimie,au c\u0153ur des Gorges du Tarn,dans ses 9 chambres\",\"breadcrumb\":{\"@id\":\"https:\\\/\\\/www.hotelburlatis.com\\\/#breadcrumb\"},\"inLanguage\":\"en-US\",\"potentialAction\":[{\"@type\":\"ReadAction\",\"target\":[\"https:\\\/\\\/www.hotelburlatis.com\\\/\"]}]},{\"@type\":\"ImageObject\",\"inLanguage\":\"en-US\",\"@id\":\"https:\\\/\\\/www.hotelburlatis.com\\\/#primaryimage\",\"url\":\"https:\\\/\\\/www.hotelburlatis.com\\\/wp-content\\\/uploads\\\/2016\\\/01\\\/hotel-burlatis-e1489662649890-717x800.jpg\",\"contentUrl\":\"https:\\\/\\\/www.hotelburlatis.com\\\/wp-content\\\/uploads\\\/2016\\\/01\\\/hotel-burlatis-e1489662649890-717x800.jpg\"},{\"@type\":\"BreadcrumbList\",\"@id\":\"https:\\\/\\\/www.hotelburlatis.com\\\/#breadcrumb\",\"itemListElement\":[{\"@type\":\"ListItem\",\"position\":1,\"name\":\"Accueil\",\"item\":\"https:\\\/\\\/www.hotelburlatis.com\\\/\"},{\"@type\":\"ListItem\",\"position\":2,\"name\":\"[:fr]H\u00f4tel[:en]Hotel[:]\"}]},{\"@type\":\"WebSite\",\"@id\":\"https:\\\/\\\/www.hotelburlatis.com\\\/#website\",\"url\":\"https:\\\/\\\/www.hotelburlatis.com\\\/\",\"name\":\"H\u00f4tel Burlatis \u00e0 Sainte-\u00c9nimie\",\"description\":\"Loz\u00e8re\",\"publisher\":{\"@id\":\"https:\\\/\\\/www.hotelburlatis.com\\\/#organization\"},\"potentialAction\":[{\"@type\":\"SearchAction\",\"target\":{\"@type\":\"EntryPoint\",\"urlTemplate\":\"https:\\\/\\\/www.hotelburlatis.com\\\/?s={search_term_string}\"},\"query-input\":{\"@type\":\"PropertyValueSpecification\",\"valueRequired\":true,\"valueName\":\"search_term_string\"}}],\"inLanguage\":\"en-US\"},{\"@type\":\"Organization\",\"@id\":\"https:\\\/\\\/www.hotelburlatis.com\\\/#organization\",\"name\":\"H\u00f4tel Burlatis\",\"url\":\"https:\\\/\\\/www.hotelburlatis.com\\\/\",\"logo\":{\"@type\":\"ImageObject\",\"inLanguage\":\"en-US\",\"@id\":\"https:\\\/\\\/www.hotelburlatis.com\\\/#\\\/schema\\\/logo\\\/image\\\/\",\"url\":\"https:\\\/\\\/www.hotelburlatis.com\\\/wp-content\\\/uploads\\\/2016\\\/01\\\/logo.png\",\"contentUrl\":\"https:\\\/\\\/www.hotelburlatis.com\\\/wp-content\\\/uploads\\\/2016\\\/01\\\/logo.png\",\"width\":186,\"height\":148,\"caption\":\"H\u00f4tel Burlatis\"},\"image\":{\"@id\":\"https:\\\/\\\/www.hotelburlatis.com\\\/#\\\/schema\\\/logo\\\/image\\\/\"}}]}<\/script>\n<!-- \/ Yoast SEO plugin. -->","yoast_head_json":{"title":"Accueil | H\u00f4tel Burlatis \u00e0 Sainte-\u00c9nimie","description":"R\u00e9cemment r\u00e9nov\u00e9, l\u2019h\u00f4tel 2 \u00e9toiles Le Burlatis vous accueille dans le village class\u00e9 de Sainte-\u00c9nimie,au c\u0153ur des Gorges du Tarn,dans ses 9 chambres","robots":{"index":"index","follow":"follow","max-snippet":"max-snippet:-1","max-image-preview":"max-image-preview:large","max-video-preview":"max-video-preview:-1"},"canonical":"https:\/\/www.hotelburlatis.com\/","og_locale":"en_US","og_type":"article","og_title":"[:fr]H\u00f4tel Burlatis \u00e0 Sainte-\u00c9nimie | En Loz\u00e8re [:en]Accueil | H\u00f4tel Burlatis \u00e0 Sainte-\u00c9nimie[:de]Accueil | H\u00f4tel Burlatis \u00e0 Sainte-\u00c9nimie[:]","og_description":"R\u00e9cemment r\u00e9nov\u00e9, l\u2019h\u00f4tel 2 \u00e9toiles Le Burlatis vous accueille dans le village class\u00e9 de Sainte-\u00c9nimie,au c\u0153ur des Gorges du Tarn,dans ses 9 chambres","og_url":"https:\/\/www.hotelburlatis.com\/","og_site_name":"H\u00f4tel Burlatis \u00e0 Sainte-\u00c9nimie","article_modified_time":"2025-10-24T07:38:16+00:00","og_image":[{"width":807,"height":900,"url":"https:\/\/www.hotelburlatis.com\/wp-content\/uploads\/2016\/01\/hotel-burlatis-e1489662649890.jpg","type":"image\/jpeg"}],"twitter_card":"summary_large_image","twitter_misc":{"Est. reading time":"4 minutes"},"schema":{"@context":"https:\/\/schema.org","@graph":[{"@type":"WebPage","@id":"https:\/\/www.hotelburlatis.com\/","url":"https:\/\/www.hotelburlatis.com\/","name":"[:fr]H\u00f4tel Burlatis \u00e0 Sainte-\u00c9nimie | En Loz\u00e8re [:en]Accueil | H\u00f4tel Burlatis \u00e0 Sainte-\u00c9nimie[:de]Accueil | H\u00f4tel Burlatis \u00e0 Sainte-\u00c9nimie[:]","isPartOf":{"@id":"https:\/\/www.hotelburlatis.com\/#website"},"primaryImageOfPage":{"@id":"https:\/\/www.hotelburlatis.com\/#primaryimage"},"image":{"@id":"https:\/\/www.hotelburlatis.com\/#primaryimage"},"thumbnailUrl":"https:\/\/www.hotelburlatis.com\/wp-content\/uploads\/2016\/01\/hotel-burlatis-e1489662649890-717x800.jpg","datePublished":"2016-01-15T14:18:14+00:00","dateModified":"2025-10-24T07:38:16+00:00","description":"R\u00e9cemment r\u00e9nov\u00e9, l\u2019h\u00f4tel 2 \u00e9toiles Le Burlatis vous accueille dans le village class\u00e9 de Sainte-\u00c9nimie,au c\u0153ur des Gorges du Tarn,dans ses 9 chambres","breadcrumb":{"@id":"https:\/\/www.hotelburlatis.com\/#breadcrumb"},"inLanguage":"en-US","potentialAction":[{"@type":"ReadAction","target":["https:\/\/www.hotelburlatis.com\/"]}]},{"@type":"ImageObject","inLanguage":"en-US","@id":"https:\/\/www.hotelburlatis.com\/#primaryimage","url":"https:\/\/www.hotelburlatis.com\/wp-content\/uploads\/2016\/01\/hotel-burlatis-e1489662649890-717x800.jpg","contentUrl":"https:\/\/www.hotelburlatis.com\/wp-content\/uploads\/2016\/01\/hotel-burlatis-e1489662649890-717x800.jpg"},{"@type":"BreadcrumbList","@id":"https:\/\/www.hotelburlatis.com\/#breadcrumb","itemListElement":[{"@type":"ListItem","position":1,"name":"Accueil","item":"https:\/\/www.hotelburlatis.com\/"},{"@type":"ListItem","position":2,"name":"[:fr]H\u00f4tel[:en]Hotel[:]"}]},{"@type":"WebSite","@id":"https:\/\/www.hotelburlatis.com\/#website","url":"https:\/\/www.hotelburlatis.com\/","name":"H\u00f4tel Burlatis \u00e0 Sainte-\u00c9nimie","description":"Loz\u00e8re","publisher":{"@id":"https:\/\/www.hotelburlatis.com\/#organization"},"potentialAction":[{"@type":"SearchAction","target":{"@type":"EntryPoint","urlTemplate":"https:\/\/www.hotelburlatis.com\/?s={search_term_string}"},"query-input":{"@type":"PropertyValueSpecification","valueRequired":true,"valueName":"search_term_string"}}],"inLanguage":"en-US"},{"@type":"Organization","@id":"https:\/\/www.hotelburlatis.com\/#organization","name":"H\u00f4tel Burlatis","url":"https:\/\/www.hotelburlatis.com\/","logo":{"@type":"ImageObject","inLanguage":"en-US","@id":"https:\/\/www.hotelburlatis.com\/#\/schema\/logo\/image\/","url":"https:\/\/www.hotelburlatis.com\/wp-content\/uploads\/2016\/01\/logo.png","contentUrl":"https:\/\/www.hotelburlatis.com\/wp-content\/uploads\/2016\/01\/logo.png","width":186,"height":148,"caption":"H\u00f4tel Burlatis"},"image":{"@id":"https:\/\/www.hotelburlatis.com\/#\/schema\/logo\/image\/"}}]}},"_links":{"self":[{"href":"https:\/\/www.hotelburlatis.com\/en\/wp-json\/wp\/v2\/pages\/2","targetHints":{"allow":["GET"]}}],"collection":[{"href":"https:\/\/www.hotelburlatis.com\/en\/wp-json\/wp\/v2\/pages"}],"about":[{"href":"https:\/\/www.hotelburlatis.com\/en\/wp-json\/wp\/v2\/types\/page"}],"author":[{"embeddable":true,"href":"https:\/\/www.hotelburlatis.com\/en\/wp-json\/wp\/v2\/users\/1"}],"replies":[{"embeddable":true,"href":"https:\/\/www.hotelburlatis.com\/en\/wp-json\/wp\/v2\/comments?post=2"}],"version-history":[{"count":5,"href":"https:\/\/www.hotelburlatis.com\/en\/wp-json\/wp\/v2\/pages\/2\/revisions"}],"predecessor-version":[{"id":385,"href":"https:\/\/www.hotelburlatis.com\/en\/wp-json\/wp\/v2\/pages\/2\/revisions\/385"}],"wp:attachment":[{"href":"https:\/\/www.hotelburlatis.com\/en\/wp-json\/wp\/v2\/media?parent=2"}],"curies":[{"name":"wp","href":"https:\/\/api.w.org\/{rel}","templated":true}]}}